{"id":392,"date":"2021-07-12T14:53:12","date_gmt":"2021-07-12T14:53:12","guid":{"rendered":"http:\/\/147.83.158.234\/?page_id=392"},"modified":"2022-06-14T11:27:23","modified_gmt":"2022-06-14T11:27:23","slug":"catedra-accessibilitat","status":"publish","type":"page","link":"https:\/\/www.catac.upc.edu\/","title":{"rendered":"C\u00e1tedra de Accesibilidad"},"content":{"rendered":"\r\n<div class=\"wp-block-image is-style-default\">\r\n<figure class=\"aligncenter size-full is-resized\"><img loading=\"lazy\" decoding=\"async\" class=\"alignnone wp-image-1230 size-full\" src=\"\/wp-content\/uploads\/2021\/10\/cap-01-cat-es.jpg\" alt=\"Imagen de la cabecera del men\u00fa &quot;C\u00e1tedra de Accesibilidad&quot; que muestra una ola de la playa y contiene el mensaje &quot;igualdad de oportunidades&quot; y &quot;Diversidad de metas&quot;.\" width=\"1200\" height=\"256\" srcset=\"https:\/\/www.catac.upc.edu\/wp-content\/uploads\/2021\/10\/cap-01-cat-es.jpg 1200w, https:\/\/www.catac.upc.edu\/wp-content\/uploads\/2021\/10\/cap-01-cat-es-300x64.jpg 300w, https:\/\/www.catac.upc.edu\/wp-content\/uploads\/2021\/10\/cap-01-cat-es-1024x218.jpg 1024w, https:\/\/www.catac.upc.edu\/wp-content\/uploads\/2021\/10\/cap-01-cat-es-768x164.jpg 768w\" sizes=\"auto, (max-width: 1200px) 100vw, 1200px\" \/><\/figure>\r\n<\/div>\r\n\r\n\r\n\r\n<h1 class=\"has-text-align-center wp-block-heading\" id=\"main-content\" aria-label=\"Inicio de la secci\u00f3n referente a la c\u00e1tedra de accesibilidad de la UPC\" accesskey=\"1\"><a class=\"no-link\" name=\"ci\" accesskey=\"1\" href=\"#main-content\">C\u00e1tedra de Accesibilidad de la UPC<\/a><\/h1>\r\n\r\n\r\n\r\n\r\n\r\n<h2 class=\"has-text-align-center wp-block-heading\">Quienes somos<\/h2>\r\n\r\n\r\n\r\n<div class=\"wp-block-columns is-layout-flex wp-container-core-columns-is-layout-28f84493 wp-block-columns-is-layout-flex\">\r\n<div class=\"wp-block-column is-layout-flow wp-block-column-is-layout-flow\">\r\n<div class=\"wp-block-image is-style-default\">\r\n<figure class=\"aligncenter size-full is-resized\"><img loading=\"lazy\" decoding=\"async\" class=\"aligncenter wp-image-911\" src=\"\/wp-content\/uploads\/2021\/10\/creacio.png\" alt=\"Isotipo del concepto &quot;creaci\u00f3n&quot; realizado con una flecha que se\u00f1ala un c\u00edrculo.\" width=\"96\" height=\"96\" srcset=\"https:\/\/www.catac.upc.edu\/wp-content\/uploads\/2021\/10\/creacio.png 256w, https:\/\/www.catac.upc.edu\/wp-content\/uploads\/2021\/10\/creacio-150x150.png 150w\" sizes=\"auto, (max-width: 96px) 100vw, 96px\" \/><\/figure>\r\n<\/div>\r\n\r\n<h3 class=\"wp-block-heading\" style=\"text-align: center;\">Creaci\u00f3n<\/h3>\r\n\r\n\r\n\r\n<p class=\"has-text-align-left\">En 2005 la Universitat Polit\u00e8cnica de Catalunya constituy\u00f3 la C\u00e1tedra de Accesibilidad de la UPC -Arquitectura, Dise\u00f1o y Tecnolog\u00eda para todas las personas- (CATAC) mediante el Acuerdo n\u00fam. 107\/2005 &#8211; Documento Anexo CG 35\/3 2005.<\/p>\r\n<\/div>\r\n\r\n\r\n\r\n<div class=\"wp-block-column is-layout-flow wp-block-column-is-layout-flow\">\r\n<div class=\"wp-block-image is-style-default\">\r\n<figure class=\"aligncenter size-full is-resized\"><img loading=\"lazy\" decoding=\"async\" class=\"alignnone wp-image-916\" src=\"\/wp-content\/uploads\/2021\/10\/missio.png\" alt=\"Isotipo del concepto &quot;misi\u00f3n&quot; realizado con una flecha en diagonal.\" width=\"96\" height=\"96\" srcset=\"https:\/\/www.catac.upc.edu\/wp-content\/uploads\/2021\/10\/missio.png 256w, https:\/\/www.catac.upc.edu\/wp-content\/uploads\/2021\/10\/missio-150x150.png 150w\" sizes=\"auto, (max-width: 96px) 100vw, 96px\" \/><\/figure>\r\n<\/div>\r\n\r\n\r\n\r\n<h3 class=\"has-text-align-center\" style=\"text-align: center;\">Misi\u00f3n<\/h3>\r\n\r\n\r\n\r\n<p class=\"has-text-align-center\" style=\"text-align: left;\">La CaTaC se propone facilitar que cualquier entorno, producto o servicio pueda ser utilizable y comprensible para todas las personas en condiciones de seguridad y confort de la manera m\u00e1s natural y aut\u00f3noma.<\/p>\r\n<\/div>\r\n\r\n\r\n\r\n<div class=\"wp-block-column is-layout-flow wp-block-column-is-layout-flow\">\r\n<div class=\"wp-block-image is-style-default\">\r\n<figure class=\"aligncenter size-full is-resized\"><img loading=\"lazy\" decoding=\"async\" class=\"alignnone wp-image-921\" src=\"\/wp-content\/uploads\/2021\/10\/ambit.png\" alt=\"Isotipo del concepto &quot;\u00e1mbitos de actuaci\u00f3n&quot; realizado con un c\u00edrculo y un tri\u00e1ngulo.\" width=\"96\" height=\"96\" srcset=\"https:\/\/www.catac.upc.edu\/wp-content\/uploads\/2021\/10\/ambit.png 256w, https:\/\/www.catac.upc.edu\/wp-content\/uploads\/2021\/10\/ambit-150x150.png 150w\" sizes=\"auto, (max-width: 96px) 100vw, 96px\" \/><\/figure>\r\n<\/div>\r\n\r\n\r\n\r\n<h3 class=\"has-text-align-center\" style=\"text-align: center;\">\u00c1mbitos de actuaci\u00f3n<\/h3>\r\n\r\n\r\n\r\n<p class=\"has-text-align-center\" style=\"text-align: left;\">Desarrolla su labor en 4 \u00e1mbitos de actuaci\u00f3n de manera transversal en la universidad: la docencia universitaria, la investigaci\u00f3n y transferencia del conocimiento y la tecnolog\u00eda, la gesti\u00f3n universitaria, y la responsabilidad social.<\/p>\r\n<\/div>\r\n\r\n\r\n\r\n<div class=\"wp-block-column is-layout-flow wp-block-column-is-layout-flow\">\r\n<div class=\"wp-block-image is-style-default\">\r\n<figure class=\"aligncenter size-full is-resized\"><img loading=\"lazy\" decoding=\"async\" class=\"alignnone wp-image-917\" src=\"\/wp-content\/uploads\/2021\/10\/organitzacio.png\" alt=\"Isotipo del concepto &quot;organizaci\u00f3n&quot; realizado con un c\u00edrculo fragmentado en tres partes.\" width=\"96\" height=\"96\" srcset=\"https:\/\/www.catac.upc.edu\/wp-content\/uploads\/2021\/10\/organitzacio.png 256w, https:\/\/www.catac.upc.edu\/wp-content\/uploads\/2021\/10\/organitzacio-150x150.png 150w\" sizes=\"auto, (max-width: 96px) 100vw, 96px\" \/><\/figure>\r\n<\/div>\r\n\r\n\r\n\r\n<h3 class=\"has-text-align-center\" style=\"text-align: center;\">Organizaci\u00f3n<\/h3>\r\n\r\n\r\n\r\n<p class=\"has-text-align-center\" style=\"text-align: left;\"><span class=\"VIiyi\" lang=\"es\"><span class=\"JLqJ4b ChMk0b\" data-language-for-alternatives=\"es\" data-language-to-translate-into=\"ca\" data-phrase-index=\"2\">La C\u00e1tedra<\/span> <span class=\"JLqJ4b ChMk0b\" data-language-for-alternatives=\"es\" data-language-to-translate-into=\"ca\" data-phrase-index=\"3\">de Accesibilidad<\/span> <span class=\"JLqJ4b ChMk0b\" data-language-for-alternatives=\"es\" data-language-to-translate-into=\"ca\" data-phrase-index=\"4\">recibe la<\/span> <span class=\"JLqJ4b ChMk0b\" data-language-for-alternatives=\"es\" data-language-to-translate-into=\"ca\" data-phrase-index=\"5\">consideraci\u00f3n<\/span> <span class=\"JLqJ4b ChMk0b\" data-language-for-alternatives=\"es\" data-language-to-translate-into=\"ca\" data-phrase-index=\"6\">de una<\/span> <span class=\"JLqJ4b ChMk0b\" data-language-for-alternatives=\"es\" data-language-to-translate-into=\"ca\" data-phrase-index=\"7\">c\u00e1tedra UNESCO<\/span> <span class=\"JLqJ4b ChMk0b\" data-language-for-alternatives=\"es\" data-language-to-translate-into=\"ca\" data-phrase-index=\"8\">dentro<\/span> <span class=\"JLqJ4b ChMk0b\" data-language-for-alternatives=\"es\" data-language-to-translate-into=\"ca\" data-phrase-index=\"9\">de la Universidad<\/span> <span class=\"JLqJ4b ChMk0b\" data-language-for-alternatives=\"es\" data-language-to-translate-into=\"ca\" data-phrase-index=\"10\">Polit\u00e9cnica de Catalu\u00f1a<\/span><span class=\"JLqJ4b ChMk0b\" data-language-for-alternatives=\"es\" data-language-to-translate-into=\"ca\" data-phrase-index=\"11\">.<\/span> <span class=\"JLqJ4b ChMk0b\" data-language-for-alternatives=\"es\" data-language-to-translate-into=\"ca\" data-phrase-index=\"12\">No es una<\/span> <span class=\"JLqJ4b ChMk0b\" data-language-for-alternatives=\"es\" data-language-to-translate-into=\"ca\" data-phrase-index=\"13\">c\u00e1tedra<\/span> <span class=\"JLqJ4b ChMk0b\" data-language-for-alternatives=\"es\" data-language-to-translate-into=\"ca\" data-phrase-index=\"14\">empresa.<\/span> <span class=\"JLqJ4b ChMk0b\" data-language-for-alternatives=\"es\" data-language-to-translate-into=\"ca\" data-phrase-index=\"15\">Por lo tanto<\/span><span class=\"JLqJ4b ChMk0b\" data-language-for-alternatives=\"es\" data-language-to-translate-into=\"ca\" data-phrase-index=\"16\">,<\/span> <span class=\"JLqJ4b ChMk0b\" data-language-for-alternatives=\"es\" data-language-to-translate-into=\"ca\" data-phrase-index=\"17\">depende<\/span> <span class=\"JLqJ4b ChMk0b\" data-language-for-alternatives=\"es\" data-language-to-translate-into=\"ca\" data-phrase-index=\"18\">directamente<\/span> <span class=\"JLqJ4b ChMk0b\" data-language-for-alternatives=\"es\" data-language-to-translate-into=\"ca\" data-phrase-index=\"19\">del Consejo de Direcci\u00f3n<\/span> <span class=\"JLqJ4b ChMk0b\" data-language-for-alternatives=\"es\" data-language-to-translate-into=\"ca\" data-phrase-index=\"20\">de la universidad<\/span><span class=\"JLqJ4b ChMk0b\" data-language-for-alternatives=\"es\" data-language-to-translate-into=\"ca\" data-phrase-index=\"21\">.<\/span><\/span><\/p>\r\n<\/div>\r\n<\/div>\r\n\r\n\r\n\r\n<div class=\"wp-block-columns is-layout-flex wp-container-core-columns-is-layout-28f84493 wp-block-columns-is-layout-flex\">\r\n<div class=\"wp-block-column is-layout-flow wp-block-column-is-layout-flow\">\r\n<div class=\"wp-block-image is-style-default\">\r\n<figure class=\"aligncenter size-full is-resized\"><img loading=\"lazy\" decoding=\"async\" class=\"alignnone wp-image-913\" src=\"\/wp-content\/uploads\/2021\/10\/direccio.png\" alt=\"Isotipo del concepto &quot;direcci\u00f3n&quot; realizado con un c\u00edrculo y dos curvas simbolizando una figura humana.\" width=\"96\" height=\"96\" srcset=\"https:\/\/www.catac.upc.edu\/wp-content\/uploads\/2021\/10\/direccio.png 256w, https:\/\/www.catac.upc.edu\/wp-content\/uploads\/2021\/10\/direccio-150x150.png 150w\" sizes=\"auto, (max-width: 96px) 100vw, 96px\" \/><\/figure>\r\n<\/div>\r\n\r\n\r\n\r\n<h3 class=\"has-text-align-center\" style=\"text-align: center;\">Direcci\u00f3n<\/h3>\r\n\r\n\r\n\r\n<p class=\"has-text-align-center\" style=\"text-align: left;\">El <a href=\"https:\/\/futur.upc.edu\/DanielGuaschMurillo\" target=\"_blank\" rel=\"noopener\">Dr. Daniel Guasch Murillo<\/a> es el director de la Catac desde sus or\u00edgenes. Doctor en ingenier\u00eda electr\u00f3nica por la UPC, con menci\u00f3n de Dr. Europeo, ocupa una plaza de profesor en el Departamento de Ingenier\u00eda telem\u00e1tica desde 2001. Centra su actividad investigadora, de forma transversal, en el \u00e1rea de la Accesibilidad Universal y el Dise\u00f1o para Todas las personas.<\/p>\r\n<\/div>\r\n\r\n\r\n\r\n<div class=\"wp-block-column is-layout-flow wp-block-column-is-layout-flow\">\r\n<div class=\"wp-block-image is-style-default\">\r\n<figure class=\"aligncenter size-full is-resized\"><img loading=\"lazy\" decoding=\"async\" class=\"alignnone wp-image-912\" src=\"\/wp-content\/uploads\/2021\/10\/dinamica.png\" alt=\"Isotipo del concepto &quot;din\u00e1mica de trabajo&quot; realizado con un c\u00edrculo con flechas simbolizando un ciclo.\" width=\"96\" height=\"96\" srcset=\"https:\/\/www.catac.upc.edu\/wp-content\/uploads\/2021\/10\/dinamica.png 256w, https:\/\/www.catac.upc.edu\/wp-content\/uploads\/2021\/10\/dinamica-150x150.png 150w\" sizes=\"auto, (max-width: 96px) 100vw, 96px\" \/><\/figure>\r\n<\/div>\r\n\r\n\r\n\r\n<h3 class=\"has-text-align-center\" style=\"text-align: center;\">Din\u00e1mica de trabajo<\/h3>\r\n\r\n\r\n\r\n<p class=\"has-text-align-center\" style=\"text-align: left;\">La c\u00e1tedra se concibe como una unidad flexible que da apoyo al resto de unidades acad\u00e9micas de la UPC en el campo de la Inclusi\u00f3n de personas con discapacidad, la Accesibilidad Universal y el Dise\u00f1o para Todas las Personas. Este apoyo se focaliza en el asesoramiento, la gesti\u00f3n y realizaci\u00f3n de proyectos, y ser la figura puente entre la universidad y los tejidos sociales y empresariales.<\/p>\r\n<\/div>\r\n\r\n\r\n\r\n<div class=\"wp-block-column is-layout-flow wp-block-column-is-layout-flow\">\r\n<div class=\"wp-block-image is-style-default\">\r\n<figure class=\"aligncenter size-full is-resized\"><img loading=\"lazy\" decoding=\"async\" class=\"alignnone wp-image-914\" src=\"\/wp-content\/uploads\/2021\/10\/equip.png\" alt=\"Isotipo del concepto &quot;equipo de trabajo&quot; realizado con un conjunto de cuatro flechas se\u00f1alando a la derecha.\" width=\"96\" height=\"96\" srcset=\"https:\/\/www.catac.upc.edu\/wp-content\/uploads\/2021\/10\/equip.png 256w, https:\/\/www.catac.upc.edu\/wp-content\/uploads\/2021\/10\/equip-150x150.png 150w\" sizes=\"auto, (max-width: 96px) 100vw, 96px\" \/><\/figure>\r\n<\/div>\r\n\r\n\r\n\r\n<h3 class=\"has-text-align-center\" style=\"text-align: center;\">Equipo de trabajo<\/h3>\r\n\r\n\r\n\r\n<p class=\"has-text-align-center\" style=\"text-align: left;\">Para llevar a cabo los proyectos, desde la c\u00e1tedra se contacta con los grupos de investigaci\u00f3n expertos correspondientes de la universidad, as\u00ed como con las entidades externas necesarias para alcanzar los objetivos establecidos.<\/p>\r\n<\/div>\r\n\r\n\r\n\r\n<div class=\"wp-block-column is-layout-flow wp-block-column-is-layout-flow\">\r\n<div class=\"wp-block-image is-style-default\">\r\n<figure class=\"aligncenter size-full is-resized\"><img loading=\"lazy\" decoding=\"async\" class=\"alignnone wp-image-915\" src=\"\/wp-content\/uploads\/2021\/10\/financament.png\" alt=\"Isotipo del concepto &quot;financiaci\u00f3n&quot; realizada con una flecha vertical se\u00f1alando el centro de una l\u00ednea horizontal de debajo.\" width=\"96\" height=\"96\" srcset=\"https:\/\/www.catac.upc.edu\/wp-content\/uploads\/2021\/10\/financament.png 256w, https:\/\/www.catac.upc.edu\/wp-content\/uploads\/2021\/10\/financament-150x150.png 150w\" sizes=\"auto, (max-width: 96px) 100vw, 96px\" \/><\/figure>\r\n<\/div>\r\n\r\n\r\n\r\n<h3 class=\"has-text-align-center\" style=\"text-align: center;\">Financiaci\u00f3n<\/h3>\r\n\r\n\r\n\r\n<p class=\"has-text-align-center\" style=\"text-align: left;\">La c\u00e1tedra se autofinancia a partir de los proyectos en los- que participa. Como unidad acad\u00e9mica de una universidad p\u00fablica, no tiene \u00e1nimo de lucro.<\/p>\r\n<\/div>\r\n<\/div>\r\n\r\n\r\n\r\n<div class=\"wp-block-columns is-layout-flex wp-container-core-columns-is-layout-28f84493 wp-block-columns-is-layout-flex\">\r\n<div class=\"wp-block-column is-layout-flow wp-block-column-is-layout-flow\">\r\n<div class=\"wp-block-image is-style-default\">\r\n<figure class=\"aligncenter size-full is-resized\"><img loading=\"lazy\" decoding=\"async\" class=\"alignnone wp-image-918\" src=\"\/wp-content\/uploads\/2021\/10\/participacio.png\" alt=\"Isotipo del concepto &quot;participaci\u00f3n&quot; realizado con un signo de suma.\" width=\"96\" height=\"96\" srcset=\"https:\/\/www.catac.upc.edu\/wp-content\/uploads\/2021\/10\/participacio.png 256w, https:\/\/www.catac.upc.edu\/wp-content\/uploads\/2021\/10\/participacio-150x150.png 150w\" sizes=\"auto, (max-width: 96px) 100vw, 96px\" \/><\/figure>\r\n<\/div>\r\n\r\n\r\n\r\n<h3 class=\"has-text-align-center\" style=\"text-align: center;\">Participaci\u00f3n<\/h3>\r\n\r\n\r\n\r\n<p class=\"has-text-align-center\" style=\"text-align: left;\">La difusi\u00f3n del conocimiento en Accesibilidad, Dise\u00f1o Universal o Incusi\u00f3n se trabaja desde dos vertientes. La coedici\u00f3n de la revista cient\u00edfica internacional Journal of Accessibility and Design for All (JACC). As\u00ed como desde la participaci\u00f3n en comit\u00e9s cient\u00edficos de congresos internacionales como ICALT, INTERACCION, COMPDES, CIUD, CITTD, ATICA, CAFVIR, o CIDUI.<\/p>\r\n<\/div>\r\n\r\n\r\n\r\n<div class=\"wp-block-column is-layout-flow wp-block-column-is-layout-flow\">\r\n<div class=\"wp-block-image is-style-default\">\r\n<figure class=\"aligncenter size-full is-resized\"><img loading=\"lazy\" decoding=\"async\" class=\"alignnone wp-image-920\" src=\"\/wp-content\/uploads\/2021\/10\/responsabilitat.png\" alt=\"Isotipo del concepto &quot;responsabilidad&quot; realizado con un c\u00edrculo, separado por una l\u00ednea discontinua de un segundo c\u00edrculo sim\u00e9trico y discontinuo.\" width=\"96\" height=\"96\" srcset=\"https:\/\/www.catac.upc.edu\/wp-content\/uploads\/2021\/10\/responsabilitat.png 256w, https:\/\/www.catac.upc.edu\/wp-content\/uploads\/2021\/10\/responsabilitat-150x150.png 150w\" sizes=\"auto, (max-width: 96px) 100vw, 96px\" \/><\/figure>\r\n<\/div>\r\n\r\n\r\n\r\n<h3 class=\"has-text-align-center\" style=\"text-align: center;\">Responsabilidad<\/h3>\r\n\r\n\r\n\r\n<p class=\"has-text-align-center\" style=\"text-align: left;\">Desde la Universidad Polit\u00e9cnica de Catalu\u00f1a, la Catac trabaja para implantar una filosof\u00eda acad\u00e9mica inclusiva en el entorno educativo mediante colaboraciones con la Agencia Nacional de Evaluaci\u00f3n de la Calidad y Acreditaci\u00f3n, la Crue Universidades Espa\u00f1olas, y la Comisi\u00f3n T\u00e9cnica UNIDISCAT del Consejo Interuniversitario de Catalu\u00f1a. As\u00ed como ha realizado comparecencias en el Parlamento de Catalu\u00f1a (2013) y el Congreso (2010).<\/p>\r\n<\/div>\r\n\r\n\r\n\r\n<div class=\"wp-block-column is-layout-flow wp-block-column-is-layout-flow\">\r\n<div class=\"wp-block-image is-style-default\">\r\n<figure class=\"aligncenter size-full is-resized\"><img loading=\"lazy\" decoding=\"async\" class=\"alignnone wp-image-919\" src=\"\/wp-content\/uploads\/2021\/10\/reconeixement.png\" alt=\"Isotipo del concepto &quot;reconocimientos&quot; realizado con una estrella de cinco puntas.\" width=\"96\" height=\"96\" srcset=\"https:\/\/www.catac.upc.edu\/wp-content\/uploads\/2021\/10\/reconeixement.png 256w, https:\/\/www.catac.upc.edu\/wp-content\/uploads\/2021\/10\/reconeixement-150x150.png 150w\" sizes=\"auto, (max-width: 96px) 100vw, 96px\" \/><\/figure>\r\n<\/div>\r\n\r\n\r\n\r\n<h3 class=\"has-text-align-center\" style=\"text-align: center;\">Reconocimientos<\/h3>\r\n\r\n\r\n\r\n<p style=\"text-align: left;\">La trayectoria ha sido reconocida desde diferentes entidades como el acc\u00e9sit II Premio Discapnet (2013), fue finalista del Premio Telef\u00f3nica Ability Awards (2011), la menci\u00f3n especial del Premio DINS de la Direcci\u00f3n General de Igualdad de Oportunidades en el Trabajo de la Generalidad de Catalu\u00f1a (2010), el premio ONCE Catalunya a la solidaridad ya la superaci\u00f3n (2007), o el premio GIMM (2007).<\/p>\r\n<\/div>\r\n\r\n\r\n\r\n<div class=\"wp-block-column is-layout-flow wp-block-column-is-layout-flow\">\u00a0<\/div>\r\n<\/div>\r\n\r\n\r\n\r\n<h2 class=\"has-text-align-center wp-block-heading\" id=\"contact-info\"><a class=\"no-link\" name=\"ci\" href=\"#contact-info\" accesskey=\"9\">Contacta con nosotros<\/a><\/h2>\r\n\r\n\r\n\r\n<div class=\"wp-block-columns is-layout-flex wp-container-core-columns-is-layout-28f84493 wp-block-columns-is-layout-flex\">\r\n<div class=\"wp-block-column is-layout-flow wp-block-column-is-layout-flow\" style=\"flex-basis: 33.33%;\">\r\n<div class=\"wp-block-image is-style-default\">\r\n<figure class=\"aligncenter size-full is-resized\"><img loading=\"lazy\" decoding=\"async\" class=\"alignnone wp-image-1592\" src=\"\/wp-content\/uploads\/2021\/10\/info.png\" alt=\"Isotipo de &quot;datos de contacto&quot; representado por la silueta de una persona.\" width=\"96\" height=\"96\" srcset=\"https:\/\/www.catac.upc.edu\/wp-content\/uploads\/2021\/10\/info.png 256w, https:\/\/www.catac.upc.edu\/wp-content\/uploads\/2021\/10\/info-150x150.png 150w\" sizes=\"auto, (max-width: 96px) 100vw, 96px\" \/><\/figure>\r\n<\/div>\r\n\r\n\r\n\r\n<h3 class=\"has-text-align-center\" style=\"text-align: center;\">Contacto<\/h3>\r\n\r\n\r\n\r\n<p style=\"text-align: left;\">C\u00e1tedra de Accesibilidad de la UPC<br \/>Escola Polit\u00e8cnica Superior d\u2019Enginyeria de Vilanova i la Geltr\u00fa<br \/>Edificio A, despacho VGA158<br \/>Avenida. V\u00edctor Balaguer, 1<br \/>08800 Vilanova i la Geltr\u00fa<\/p>\r\n\r\n\r\n\r\n<p>Correo:<br \/><a href=\"mailto:accessibilidad@upc.edu\">accessibilidad@upc.edu<\/a><br \/><a href=\"mailto:daniel.guasch@upc.edu\">daniel.guasch@upc.edu<\/a><\/p>\r\n\r\n\r\n\r\n<p>Twitter: <a href=\"https:\/\/twitter.com\/catac_upc\" target=\"_blank\" rel=\"noreferrer noopener\">@CATAC_UPC<\/a><\/p>\r\n<\/div>\r\n\r\n\r\n\r\n<div class=\"wp-block-column gmaps is-layout-flow wp-block-column-is-layout-flow\" style=\"flex-basis:66.66%\">\r\n<figure class=\"wp-block-image aligncenter is-resized is-style-default\"><img loading=\"lazy\" decoding=\"async\" src=\"\/wp-content\/uploads\/2021\/10\/contacte.png\" alt=\"Isotipo del concepto &quot;como llegar&quot; realizado con un globo se\u00f1alando la ubicaci\u00f3n.\" class=\"wp-image-910\" width=\"96\" height=\"96\" srcset=\"https:\/\/www.catac.upc.edu\/wp-content\/uploads\/2021\/10\/contacte.png 256w, https:\/\/www.catac.upc.edu\/wp-content\/uploads\/2021\/10\/contacte-150x150.png 150w\" sizes=\"auto, (max-width: 96px) 100vw, 96px\" \/><\/figure>\r\n\r\n\r\n\r\n\r\n<h3 class=\"has-text-align-center wp-block-heading\">Como llegar<\/h3>\r\n\r\n\r\n <iframe src=\"https:\/\/www.google.com\/maps\/embed?pb=!1m18!1m12!1m3!1d3001.0175548690822!2d1.7276235151137058!3d41.22138791423292!2m3!1f0!2f0!3f0!3m2!1i1024!2i768!4f13.1!3m3!1m2!1s0x12a386e69b6ed41d%3A0x4af29afe0597b418!2sEscola%20Polit%C3%A8cnica%20Superior%20d'Enginyeria%20de%20Vilanova%20i%20la%20Geltr%C3%BA%20(EPSEVG%20-%20UPC%20Vilanova%20i%20la%20Geltr%C3%BA)!5e0!3m2!1sca!2ses!4v1626730403978!5m2!1sca!2ses\" style=\"border:0;\" allowfullscreen=\"\" loading=\"lazy\" title=\"Mapa con la ubicaci\u00f3n de la C\u00e1tedra de Accesibilidad\" aria-label=\"Mapa con la ubicaci\u00f3n de la C\u00e1tedra de Accesibilidad\" width=\"640\" height=\"360\"><\/iframe> \r\n<\/div>\r\n<\/div>\r\n\r\n\r\n\r\n<p><\/p>\r\n","protected":false},"excerpt":{"rendered":"<p>C\u00e1tedra de Accesibilidad de la UPC Quienes somos Creaci\u00f3n En 2005 la Universitat Polit\u00e8cnica de Catalunya constituy\u00f3 la C\u00e1tedra de Accesibilidad de la UPC -Arquitectura, Dise\u00f1o y Tecnolog\u00eda para todas las personas- (CATAC) mediante el Acuerdo n\u00fam. 107\/2005 &#8211; Documento Anexo CG 35\/3 2005. Misi\u00f3n La CaTaC se propone facilitar que cualquier entorno, producto o &hellip;<\/p>\n<p class=\"read-more\"> <a class=\"\" href=\"https:\/\/www.catac.upc.edu\/\"> <span class=\"screen-reader-text\">C\u00e1tedra de Accesibilidad<\/span> Leer m\u00e1s &raquo;<\/a><\/p>\n","protected":false},"author":2,"featured_media":0,"parent":0,"menu_order":0,"comment_status":"closed","ping_status":"closed","template":"","meta":{"_uag_custom_page_level_css":"","site-sidebar-layout":"default","site-content-layout":"default","ast-site-content-layout":"","site-content-style":"default","site-sidebar-style":"default","ast-global-header-display":"","ast-banner-title-visibility":"","ast-main-header-display":"","ast-hfb-above-header-display":"","ast-hfb-below-header-display":"","ast-hfb-mobile-header-display":"","site-post-title":"disabled","ast-breadcrumbs-content":"","ast-featured-img":"","footer-sml-layout":"","theme-transparent-header-meta":"default","adv-header-id-meta":"","stick-header-meta":"","header-above-stick-meta":"","header-main-stick-meta":"","header-below-stick-meta":"","astra-migrate-meta-layouts":"","footnotes":""},"class_list":["post-392","page","type-page","status-publish","hentry"],"uagb_featured_image_src":{"full":false,"thumbnail":false,"medium":false,"medium_large":false,"large":false,"1536x1536":false,"2048x2048":false},"uagb_author_info":{"display_name":"Daniel Guasch","author_link":"https:\/\/www.catac.upc.edu\/author\/dani\/"},"uagb_comment_info":0,"uagb_excerpt":"C\u00e1tedra de Accesibilidad de la UPC Quienes somos Creaci\u00f3n En 2005 la Universitat Polit\u00e8cnica de Catalunya constituy\u00f3 la C\u00e1tedra de Accesibilidad de la UPC -Arquitectura, Dise\u00f1o y Tecnolog\u00eda para todas las personas- (CATAC) mediante el Acuerdo n\u00fam. 107\/2005 &#8211; Documento Anexo CG 35\/3 2005. Misi\u00f3n La CaTaC se propone facilitar que cualquier entorno, producto o&hellip;","_links":{"self":[{"href":"https:\/\/www.catac.upc.edu\/wp-json\/wp\/v2\/pages\/392","targetHints":{"allow":["GET"]}}],"collection":[{"href":"https:\/\/www.catac.upc.edu\/wp-json\/wp\/v2\/pages"}],"about":[{"href":"https:\/\/www.catac.upc.edu\/wp-json\/wp\/v2\/types\/page"}],"author":[{"embeddable":true,"href":"https:\/\/www.catac.upc.edu\/wp-json\/wp\/v2\/users\/2"}],"replies":[{"embeddable":true,"href":"https:\/\/www.catac.upc.edu\/wp-json\/wp\/v2\/comments?post=392"}],"version-history":[{"count":82,"href":"https:\/\/www.catac.upc.edu\/wp-json\/wp\/v2\/pages\/392\/revisions"}],"predecessor-version":[{"id":1826,"href":"https:\/\/www.catac.upc.edu\/wp-json\/wp\/v2\/pages\/392\/revisions\/1826"}],"wp:attachment":[{"href":"https:\/\/www.catac.upc.edu\/wp-json\/wp\/v2\/media?parent=392"}],"curies":[{"name":"wp","href":"https:\/\/api.w.org\/{rel}","templated":true}]}}