{"id":187,"date":"2021-07-08T18:05:28","date_gmt":"2021-07-08T18:05:28","guid":{"rendered":"http:\/\/147.83.158.234\/?page_id=187"},"modified":"2023-05-05T15:32:42","modified_gmt":"2023-05-05T15:32:42","slug":"xarxa-accessibilitat","status":"publish","type":"page","link":"https:\/\/www.catac.upc.edu\/xarxa-accessibilitat\/","title":{"rendered":"Red de la Accesibilidad"},"content":{"rendered":"\r\n<div class=\"wp-block-image is-style-default\">\r\n<figure class=\"aligncenter size-full is-resized\"><img loading=\"lazy\" decoding=\"async\" class=\"alignnone wp-image-1245 size-full\" src=\"\/wp-content\/uploads\/2021\/10\/cap-06-xarxa-es.jpg\" alt=\"Imagen de la cabecera del men\u00fa &quot;red en accesibilidad&quot; que muestra una ola de la playa y contiene el mensaje &quot;vida independiente\u201d y \u201ccomunidad cohesionada&quot;.\" width=\"1200\" height=\"256\" srcset=\"https:\/\/www.catac.upc.edu\/wp-content\/uploads\/2021\/10\/cap-06-xarxa-es.jpg 1200w, https:\/\/www.catac.upc.edu\/wp-content\/uploads\/2021\/10\/cap-06-xarxa-es-300x64.jpg 300w, https:\/\/www.catac.upc.edu\/wp-content\/uploads\/2021\/10\/cap-06-xarxa-es-1024x218.jpg 1024w, https:\/\/www.catac.upc.edu\/wp-content\/uploads\/2021\/10\/cap-06-xarxa-es-768x164.jpg 768w\" sizes=\"auto, (max-width: 1200px) 100vw, 1200px\" \/><\/figure>\r\n<\/div>\r\n\r\n\r\n\r\n<h1 class=\"has-text-align-center wp-block-heading\" id=\"section-content\" aria-label=\"Inicio de la secci\u00f3n referente a la red en accesibilidad\" accesskey=\"1\"><a class=\"no-link\" href=\"#section-contents\" accesskey=\"1\">Red en accesibilidad<\/a><\/h1>\r\n\r\n\r\n\r\n<div class=\"wp-block-columns is-layout-flex wp-container-core-columns-is-layout-28f84493 wp-block-columns-is-layout-flex\">\r\n<div class=\"wp-block-column is-layout-flow wp-block-column-is-layout-flow\">\r\n<div class=\"wp-block-image is-style-default\">\r\n<figure class=\"aligncenter size-full is-resized\"><img loading=\"lazy\" decoding=\"async\" class=\"alignnone wp-image-1293\" src=\"\/wp-content\/uploads\/2021\/10\/upc.png\" alt=\"Isotipo del concepto &quot;institucional&quot; representado por seis circunferencias.\" width=\"96\" height=\"96\" srcset=\"https:\/\/www.catac.upc.edu\/wp-content\/uploads\/2021\/10\/upc.png 256w, https:\/\/www.catac.upc.edu\/wp-content\/uploads\/2021\/10\/upc-150x150.png 150w\" sizes=\"auto, (max-width: 96px) 100vw, 96px\" \/><\/figure>\r\n<\/div>\r\n\r\n\r\n\r\n<p class=\"has-text-align-center\">Institucional<\/p>\r\n\r\n\r\n\r\n<ul class=\"wp-block-list\">\r\n<li><a href=\"https:\/\/inclusio.upc.edu\" target=\"_blank\" rel=\"noreferrer noopener\">Inclusi\u00f3 (IO)<\/a><\/li>\r\n<li><a href=\"https:\/\/www.upc.edu\/ice\" target=\"_blank\" rel=\"noreferrer noopener\">Institut de Ci\u00e8ncies de l&#8217;Educaci\u00f3 (ICE)<\/a><\/li>\r\n<li><a href=\"https:\/\/cuv.upc.edu\" target=\"_blank\" rel=\"noreferrer noopener\">Centre Universitari de la Visi\u00f3 (CUV)<\/a><\/li>\r\n<li><a href=\"https:\/\/bibliotecnica.upc.edu\" target=\"_blank\" rel=\"noreferrer noopener\">Bibliotecnica<\/a><\/li>\r\n<\/ul>\r\n<\/div>\r\n\r\n\r\n\r\n<div class=\"wp-block-column is-layout-flow wp-block-column-is-layout-flow\">\r\n<div class=\"wp-block-image is-style-default\">\r\n<figure class=\"aligncenter size-full is-resized\"><img loading=\"lazy\" decoding=\"async\" class=\"alignnone wp-image-1297\" src=\"\/wp-content\/uploads\/2021\/10\/uni.png\" alt=\"Isotipo del concepto &quot;universidad&quot; realizado con un tri\u00e1ngulo sobre dos circunferencias que se apoyan en sendos cuadrados.\" width=\"96\" height=\"96\" srcset=\"https:\/\/www.catac.upc.edu\/wp-content\/uploads\/2021\/10\/uni.png 256w, https:\/\/www.catac.upc.edu\/wp-content\/uploads\/2021\/10\/uni-150x150.png 150w\" sizes=\"auto, (max-width: 96px) 100vw, 96px\" \/><\/figure>\r\n<\/div>\r\n\r\n\r\n\r\n<p class=\"has-text-align-center\">Universidad<\/p>\r\n\r\n\r\n\r\n<ul class=\"wp-block-list\">\r\n<li><a href=\"http:\/\/www.aneca.es\" target=\"_blank\" rel=\"noreferrer noopener\">Agencia Nacional de Evaluaci\u00f3n de la Calidad y Acreditaci\u00f3n (ANECA)<\/a><\/li>\r\n<li><a href=\"https:\/\/www.aqu.cat\" target=\"_blank\" rel=\"noreferrer noopener\">Ag\u00e8ncia per a la Qualitat del Sistema Universitari de Catalunya (AQU)<\/a><\/li>\r\n<li><a href=\"https:\/\/www.crue.org\" target=\"_blank\" rel=\"noreferrer noopener\">Crue Universidades Espa\u00f1olas (CRUE)<\/a><\/li>\r\n<\/ul>\r\n<\/div>\r\n\r\n\r\n\r\n<div class=\"wp-block-column is-layout-flow wp-block-column-is-layout-flow\">\r\n<div class=\"wp-block-image is-style-default\">\r\n<figure class=\"aligncenter size-full is-resized\"><img loading=\"lazy\" decoding=\"async\" class=\"alignnone wp-image-1296\" src=\"\/wp-content\/uploads\/2021\/10\/mar.png\" alt=\"Isotipo del concepto &quot;recursos&quot; realizado con un tres l\u00edneas ondulandas.\" width=\"96\" height=\"96\" srcset=\"https:\/\/www.catac.upc.edu\/wp-content\/uploads\/2021\/10\/mar.png 256w, https:\/\/www.catac.upc.edu\/wp-content\/uploads\/2021\/10\/mar-150x150.png 150w\" sizes=\"auto, (max-width: 96px) 100vw, 96px\" \/><\/figure>\r\n<\/div>\r\n\r\n\r\n\r\n<p class=\"has-text-align-center\">Recursos<\/p>\r\n\r\n\r\n\r\n<ul class=\"wp-block-list\">\r\n<li><a href=\"https:\/\/ceapat.imserso.es\" target=\"_blank\" rel=\"noreferrer noopener\">Centro de Referencia Estatal de Autonom\u00eda Personal y Ayudas T\u00e9cnicas (CEAPAT)<\/a><\/li>\r\n<li><a href=\"https:\/\/redsapdu.org\/\" target=\"_blank\" rel=\"noreferrer noopener\">Red de Servicios de Apoyo a Personas con Discapacidad en la Universidad (SAPDU)<\/a><\/li>\r\n<li><a href=\"https:\/\/accessibilitas.es\" target=\"_blank\" rel=\"noreferrer noopener\">Plataforma para el impulso de la accesibilidad universal (ACCESSIBILITAS)<\/a><\/li>\r\n<li><a href=\"https:\/\/www.w3.org\/TR\/WCAG21\" target=\"_blank\" rel=\"noreferrer noopener\">Web Content Accessibility Guidelines (WCAG)<\/a><\/li>\r\n<li><a href=\"https:\/\/www.aenor.com\" target=\"_blank\" rel=\"noreferrer noopener\">Asociaci\u00f3n Espa\u00f1ola de Normalizaci\u00f3n y Certificaci\u00f3n (AENOR)<\/a><\/li>\r\n<\/ul>\r\n<\/div>\r\n<\/div>\r\n\r\n\r\n\r\n<div class=\"wp-block-columns is-layout-flex wp-container-core-columns-is-layout-28f84493 wp-block-columns-is-layout-flex\">\r\n<div class=\"wp-block-column is-layout-flow wp-block-column-is-layout-flow\">\r\n<div class=\"wp-block-image is-style-default\">\r\n<figure class=\"aligncenter size-full is-resized\"><img loading=\"lazy\" decoding=\"async\" class=\"alignnone wp-image-1294\" src=\"\/wp-content\/uploads\/2021\/10\/xarxa.png\" alt=\"Isotipo del concepto &quot;discapacidad&quot; realizado con un conjunto de l\u00edneas simulando una red.\" width=\"96\" height=\"96\" srcset=\"https:\/\/www.catac.upc.edu\/wp-content\/uploads\/2021\/10\/xarxa.png 256w, https:\/\/www.catac.upc.edu\/wp-content\/uploads\/2021\/10\/xarxa-150x150.png 150w\" sizes=\"auto, (max-width: 96px) 100vw, 96px\" \/><\/figure>\r\n<\/div>\r\n\r\n\r\n\r\n<p class=\"has-text-align-center\">Discapacidad<\/p>\r\n\r\n\r\n\r\n<ul class=\"wp-block-list\">\r\n<li><a href=\"https:\/\/www.cermi.es\" target=\"_blank\" rel=\"noreferrer noopener\">Comit\u00e9 Espa\u00f1ol de Representantes de Personas con Discapacidad (CERMI)<\/a><\/li>\r\n<li><a href=\"http:\/\/www.cocarmi.cat\" target=\"_blank\" rel=\"noreferrer noopener\">Comit\u00e8 Catal\u00e0 de Representants de Persones amb Discapacitat (COCARMI)<\/a><\/li>\r\n<li><a href=\"https:\/\/www.rpdiscapacidad.gob.es\" target=\"_blank\" rel=\"noreferrer noopener\">Real Patronato sobre Discapacidad (RPD)<\/a><\/li>\r\n<li><a href=\"https:\/\/fundaciononce.es\" target=\"_blank\" rel=\"noreferrer noopener\">Fundaci\u00f3n ONCE<\/a><\/li>\r\n<li><a href=\"https:\/\/aipo.es\" target=\"_blank\" rel=\"noreferrer noopener\">Asociaci\u00f3n Interacci\u00f3n Persona-Ordenador (AIPO)<\/a><\/li>\r\n<\/ul>\r\n<\/div>\r\n\r\n\r\n\r\n<div class=\"wp-block-column is-layout-flow wp-block-column-is-layout-flow\">\r\n<div class=\"wp-block-image is-style-default\">\r\n<figure class=\"aligncenter size-full is-resized\"><img loading=\"lazy\" decoding=\"async\" class=\"alignnone wp-image-1292\" src=\"\/wp-content\/uploads\/2021\/10\/revista.png\" alt=\"Isotipo del concepto &quot;revistas&quot; realizado con una l\u00ednea ondulada que conecta dos arcos de circunferencia.\" width=\"96\" height=\"96\" srcset=\"https:\/\/www.catac.upc.edu\/wp-content\/uploads\/2021\/10\/revista.png 256w, https:\/\/www.catac.upc.edu\/wp-content\/uploads\/2021\/10\/revista-150x150.png 150w\" sizes=\"auto, (max-width: 96px) 100vw, 96px\" \/><\/figure>\r\n<\/div>\r\n\r\n\r\n\r\n<p class=\"has-text-align-center\">Revistas<\/p>\r\n\r\n\r\n\r\n<ul class=\"wp-block-list\">\r\n<li><a href=\"http:\/\/www.jacces.org\" target=\"_blank\" rel=\"noreferrer noopener\">Journal of Accessibility and Design for All (JACCES)<\/a><\/li>\r\n<li><a href=\"https:\/\/revista.aipo.es\/index.php\/INTERACCION\/about\" target=\"_blank\" rel=\"noreferrer noopener\">Revista Interacci\u00f3n<\/a><\/li>\r\n<\/ul>\r\n\r\n\r\n\r\n<p>&nbsp;<\/p>\r\n<\/div>\r\n\r\n\r\n\r\n<div class=\"wp-block-column is-layout-flow wp-block-column-is-layout-flow\">\u00a0<\/div>\r\n<\/div>\r\n","protected":false},"excerpt":{"rendered":"<p>Red en accesibilidad Institucional Inclusi\u00f3 (IO) Institut de Ci\u00e8ncies de l&#8217;Educaci\u00f3 (ICE) Centre Universitari de la Visi\u00f3 (CUV) Bibliotecnica Universidad Agencia Nacional de Evaluaci\u00f3n de la Calidad y Acreditaci\u00f3n (ANECA) Ag\u00e8ncia per a la Qualitat del Sistema Universitari de Catalunya (AQU) Crue Universidades Espa\u00f1olas (CRUE) Recursos Centro de Referencia Estatal de Autonom\u00eda Personal y Ayudas &hellip;<\/p>\n<p class=\"read-more\"> <a class=\"\" href=\"https:\/\/www.catac.upc.edu\/xarxa-accessibilitat\/\"> <span class=\"screen-reader-text\">Red de la Accesibilidad<\/span> Leer m\u00e1s &raquo;<\/a><\/p>\n","protected":false},"author":2,"featured_media":0,"parent":0,"menu_order":0,"comment_status":"closed","ping_status":"closed","template":"","meta":{"_uag_custom_page_level_css":"","site-sidebar-layout":"default","site-content-layout":"default","ast-site-content-layout":"","site-content-style":"default","site-sidebar-style":"default","ast-global-header-display":"","ast-banner-title-visibility":"","ast-main-header-display":"","ast-hfb-above-header-display":"","ast-hfb-below-header-display":"","ast-hfb-mobile-header-display":"","site-post-title":"disabled","ast-breadcrumbs-content":"","ast-featured-img":"","footer-sml-layout":"","theme-transparent-header-meta":"default","adv-header-id-meta":"","stick-header-meta":"","header-above-stick-meta":"","header-main-stick-meta":"","header-below-stick-meta":"","astra-migrate-meta-layouts":"","footnotes":""},"class_list":["post-187","page","type-page","status-publish","hentry"],"uagb_featured_image_src":{"full":false,"thumbnail":false,"medium":false,"medium_large":false,"large":false,"1536x1536":false,"2048x2048":false},"uagb_author_info":{"display_name":"Daniel Guasch","author_link":"https:\/\/www.catac.upc.edu\/author\/dani\/"},"uagb_comment_info":0,"uagb_excerpt":"Red en accesibilidad Institucional Inclusi\u00f3 (IO) Institut de Ci\u00e8ncies de l&#8217;Educaci\u00f3 (ICE) Centre Universitari de la Visi\u00f3 (CUV) Bibliotecnica Universidad Agencia Nacional de Evaluaci\u00f3n de la Calidad y Acreditaci\u00f3n (ANECA) Ag\u00e8ncia per a la Qualitat del Sistema Universitari de Catalunya (AQU) Crue Universidades Espa\u00f1olas (CRUE) Recursos Centro de Referencia Estatal de Autonom\u00eda Personal y Ayudas&hellip;","_links":{"self":[{"href":"https:\/\/www.catac.upc.edu\/wp-json\/wp\/v2\/pages\/187","targetHints":{"allow":["GET"]}}],"collection":[{"href":"https:\/\/www.catac.upc.edu\/wp-json\/wp\/v2\/pages"}],"about":[{"href":"https:\/\/www.catac.upc.edu\/wp-json\/wp\/v2\/types\/page"}],"author":[{"embeddable":true,"href":"https:\/\/www.catac.upc.edu\/wp-json\/wp\/v2\/users\/2"}],"replies":[{"embeddable":true,"href":"https:\/\/www.catac.upc.edu\/wp-json\/wp\/v2\/comments?post=187"}],"version-history":[{"count":20,"href":"https:\/\/www.catac.upc.edu\/wp-json\/wp\/v2\/pages\/187\/revisions"}],"predecessor-version":[{"id":1969,"href":"https:\/\/www.catac.upc.edu\/wp-json\/wp\/v2\/pages\/187\/revisions\/1969"}],"wp:attachment":[{"href":"https:\/\/www.catac.upc.edu\/wp-json\/wp\/v2\/media?parent=187"}],"curies":[{"name":"wp","href":"https:\/\/api.w.org\/{rel}","templated":true}]}}