{"id":185,"date":"2021-07-08T18:04:49","date_gmt":"2021-07-08T18:04:49","guid":{"rendered":"http:\/\/147.83.158.234\/?page_id=185"},"modified":"2025-02-12T12:22:18","modified_gmt":"2025-02-12T12:22:18","slug":"accessibility-projects","status":"publish","type":"page","link":"https:\/\/www.catac.upc.edu\/accessibility-projects\/","title":{"rendered":"Proyectos de Accesibilidad"},"content":{"rendered":"\r\n<div class=\"wp-block-image is-style-default\">\r\n<figure class=\"aligncenter size-full\"><img loading=\"lazy\" decoding=\"async\" class=\"alignnone wp-image-1240\" src=\"\/wp-content\/uploads\/2021\/10\/cap-05-prj-es.jpg\" alt=\"Imagen de la cabecera del men\u00fa &quot;proyectos de accesibilidad&quot; que muestra una ola de la playa y contiene el mensaje &quot;problema y soluci\u00f3n\u201d y \u201csituaci\u00f3n y elecci\u00f3n&quot;.\" width=\"1200\" height=\"256\" \/><\/figure>\r\n<\/div>\r\n\r\n\r\n\r\n<h1 id=\"section-content\" accesskey=\"1\" class=\"has-text-align-center wp-block-heading\" aria-label=\"Inicio de la secci\u00f3n dirigida a los proyectos de accesibilidad\"><a accesskey=\"1\" class=\"no-link\" href=\"#section-content\">Proyectos de accesibilidad<\/a><\/h1>\r\n\r\n\r\n\r\n<h2 class=\"has-text-align-center wp-block-heading\">L\u00edneas estrat\u00e9gicas<\/h2>\r\n\r\n\r\n\r\n<div class=\"wp-block-columns is-layout-flex wp-container-core-columns-is-layout-28f84493 wp-block-columns-is-layout-flex\">\r\n\r\n\r\n<div class=\"wp-block-column is-layout-flow wp-block-column-is-layout-flow\">\r\n\r\n\r\n<div class=\"wp-block-image is-style-default\">\r\n<figure class=\"aligncenter size-full is-resized\"><img loading=\"lazy\" decoding=\"async\" class=\"alignnone wp-image-1038\" src=\"\/wp-content\/uploads\/2021\/10\/projectes-1.png\" alt=\"Isotipo del concepto &quot;docente&quot; realizado con una flecha vertical se\u00f1alando hacia arriba que parte del centro de una circunferencia.\" width=\"96\" height=\"96\" srcset=\"https:\/\/www.catac.upc.edu\/wp-content\/uploads\/2021\/10\/projectes-1.png 256w, https:\/\/www.catac.upc.edu\/wp-content\/uploads\/2021\/10\/projectes-1-150x150.png 150w\" sizes=\"auto, (max-width: 96px) 100vw, 96px\" \/><\/figure>\r\n<\/div>\r\n\r\n\r\n\r\n<h3 class=\"has-text-align-center wp-block-heading\">Docente<\/h3>\r\n\r\n\r\n\r\n\r\nLa docencia, en el entorno universitario, la formaci\u00f3n continua, en el entorno empresarial, y la transferencia del conocimiento, en general, constituyen una l\u00ednea natural de proyectos de la C\u00e1tedra de Accesibilidad. Formaciones personalizadas en accesibilidad TIC, en servicios inclusivos, o en estrategias de dise\u00f1o para tadas las personas son ejemplos de actividades docentes realizadas habitualmente.\r\n\r\n\r\n\r\n<\/div>\r\n\r\n\r\n\r\n<div class=\"wp-block-column is-layout-flow wp-block-column-is-layout-flow\">\r\n\r\n\r\n<div class=\"wp-block-image is-style-default\">\r\n<figure class=\"aligncenter size-full is-resized\"><img loading=\"lazy\" decoding=\"async\" class=\"alignnone wp-image-1039\" src=\"\/wp-content\/uploads\/2021\/10\/projectes-2.png\" alt=\"Isotipo del concepto &quot;investigaci\u00f3n&quot; realizado con una flecha vertical se\u00f1alando hacia arriba que parte del centro de un tri\u00e1ngulo.\" width=\"96\" height=\"96\" srcset=\"https:\/\/www.catac.upc.edu\/wp-content\/uploads\/2021\/10\/projectes-2.png 256w, https:\/\/www.catac.upc.edu\/wp-content\/uploads\/2021\/10\/projectes-2-150x150.png 150w\" sizes=\"auto, (max-width: 96px) 100vw, 96px\" \/><\/figure>\r\n<\/div>\r\n\r\n\r\n\r\n<h3 class=\"has-text-align-center wp-block-heading\">Investigaci\u00f3n<\/h3>\r\n\r\n\r\n\r\n\r\nLa investigaci\u00f3n, tanto b\u00e1sica como aplicada, en el \u00e1mbito de la Accesibilidad Universal, del Dise\u00f1o para Todas las Personas, del Dise\u00f1o Centrado en el Usuario, de la Experiencia de Usuario, etc. en los entornos universitario, asociativo y empresarial es uno de los ejes fundamentales de la C\u00e1tedra de Accesibilidad. La colaboraci\u00f3n multidisciplinar con grupos de investigaci\u00f3n, entidades del tercer sector, y centros de investigaci\u00f3n incorpora los valores de la accesibilidad y la inclusi\u00f3n en el entorno natural de desarrollo de la investigaci\u00f3n.\r\n\r\n\r\n\r\n<\/div>\r\n\r\n\r\n<\/div>\r\n\r\n\r\n\r\n<div class=\"wp-block-columns is-layout-flex wp-container-core-columns-is-layout-28f84493 wp-block-columns-is-layout-flex\">\r\n\r\n\r\n<div class=\"wp-block-column is-layout-flow wp-block-column-is-layout-flow\">\r\n\r\n\r\n<div class=\"wp-block-image is-style-default\">\r\n<figure class=\"aligncenter size-full is-resized\"><img loading=\"lazy\" decoding=\"async\" class=\"alignnone wp-image-1040\" src=\"\/wp-content\/uploads\/2021\/10\/projectes-3.png\" alt=\"Isotipo del concepto &quot;asesoramiento&quot; realizado con una flecha vertical se\u00f1alando hacia arriba que parte del centro de un cuadrado.\" width=\"96\" height=\"96\" srcset=\"https:\/\/www.catac.upc.edu\/wp-content\/uploads\/2021\/10\/projectes-3.png 256w, https:\/\/www.catac.upc.edu\/wp-content\/uploads\/2021\/10\/projectes-3-150x150.png 150w\" sizes=\"auto, (max-width: 96px) 100vw, 96px\" \/><\/figure>\r\n<\/div>\r\n\r\n\r\n\r\n<h3 class=\"has-text-align-center wp-block-heading\">Asesoramiento<\/h3>\r\n\r\n\r\n\r\n\r\nEl Asesoramiento y el acompa\u00f1amiento en la incorporaci\u00f3n de la accesibilidad y la inclusi\u00f3n en procesos de garant\u00eda de la calidad y de gesti\u00f3n de proyectos se convierten en una f\u00f3rmula eficaz de colaboraci\u00f3n. La C\u00e1tedra de Accesibilidad se convierte en una figura de referencia, con una participaci\u00f3n acotada en los proyectos, con el fin de proporcionar directrices t\u00e9cnicas y an\u00e1lisis de viabilidad tecnol\u00f3gica.\r\n\r\n\r\n\r\n<\/div>\r\n\r\n\r\n\r\n<div class=\"wp-block-column is-layout-flow wp-block-column-is-layout-flow\">\r\n\r\n\r\n<div class=\"wp-block-image is-style-default\">\r\n<figure class=\"aligncenter size-full is-resized\"><img loading=\"lazy\" decoding=\"async\" class=\"alignnone wp-image-1044\" src=\"\/wp-content\/uploads\/2021\/10\/projectes-4.png\" alt=\"Isotipo del concepto &quot;dise\u00f1o&quot; realizado con una flecha vertical se\u00f1alando hacia arriba que parte del centro de un pent\u00e1gono.\" width=\"96\" height=\"96\" srcset=\"https:\/\/www.catac.upc.edu\/wp-content\/uploads\/2021\/10\/projectes-4.png 256w, https:\/\/www.catac.upc.edu\/wp-content\/uploads\/2021\/10\/projectes-4-150x150.png 150w\" sizes=\"auto, (max-width: 96px) 100vw, 96px\" \/><\/figure>\r\n<\/div>\r\n\r\n\r\n\r\n<h3 class=\"has-text-align-center wp-block-heading\">Dise\u00f1o<\/h3>\r\n\r\n\r\n\r\n\r\nEl dise\u00f1o de productos, entornos y servicios que incorporen la accesibilidad y faciliten la inclusi\u00f3n de todas las personas es una de las actividades singulares de transferencia de tecnolog\u00eda que realiza la C\u00e1tedra de Accesibilidad en la universidad. Asimismo, hay que tener presente que la C\u00e1tedra de Accesibilidad no tiene por objetivo fabricar ni comercializar productos, entornos ni servicios, ya que no tiene una finalidad empresarial.\r\n\r\n\r\n\r\n<\/div>\r\n\r\n\r\n<\/div>\r\n\r\n\r\n\r\n\r\n<hr class=\"wp-block-separator alignwide is-style-default\" \/>\r\n\r\n\r\n\r\n\r\n<h2 class=\"has-text-align-center wp-block-heading\">Proyectos singulares<\/h2>\r\n\r\n\r\n\r\n<div class=\"wp-block-columns is-layout-flex wp-container-core-columns-is-layout-28f84493 wp-block-columns-is-layout-flex\">\r\n\r\n\r\n<div onclick=\"window.open(&quot;\/es\/projecte-easy-communicator\/&quot;)\" class=\"wp-block-column column-with-link is-layout-flow wp-block-column-is-layout-flow\" tabindex=\"0\">\r\n\r\n\r\n<div class=\"wp-block-image is-style-default\">\r\n<figure class=\"aligncenter size-full is-resized\"><img loading=\"lazy\" decoding=\"async\" class=\"alignnone wp-image-1023\" src=\"\/wp-content\/uploads\/2021\/10\/p-eco.png\" alt=\"Isotipo del concepto &quot;Easy Communicator&quot; realizado con una imagen de un ni\u00f1o y una sonriente con un bocadillo de texto cada cual.\" width=\"96\" height=\"96\" srcset=\"https:\/\/www.catac.upc.edu\/wp-content\/uploads\/2021\/10\/p-eco.png 512w, https:\/\/www.catac.upc.edu\/wp-content\/uploads\/2021\/10\/p-eco-300x300.png 300w, https:\/\/www.catac.upc.edu\/wp-content\/uploads\/2021\/10\/p-eco-150x150.png 150w\" sizes=\"auto, (max-width: 96px) 100vw, 96px\" \/><\/figure>\r\n<\/div>\r\n\r\n\r\n\r\n<h3 class=\"has-text-align-center wp-block-heading\">Easy Communicator<\/h3>\r\n\r\n\r\n\r\n\r\nLa C\u00e1tedra de Accesibilidad de la Universitat Polit\u00e8cnica de Catalunya est\u00e1 desarrollando la herramienta para dispositivos m\u00f3viles de aprendizaje y comunicaci\u00f3n -augmentativa y alternativa- llamada Easy Communicator (ECO). El objetivo de este proyecto es aportar una herramienta que mejore las posibilidades de comunicaci\u00f3n y comprensi\u00f3n, tanto en el entorno m\u00e1s personal como acad\u00e9mico, de personas con dificultades en el lenguaje, el aprendizaje, la relaci\u00f3n con su entorno, etc. Los colectivos a los que se dirige el proyecto son desde ni\u00f1os con trastorno del espectro autista, adolescentes con par\u00e1lisis cerebral, hasta ancianos con problemas cognitivos.\r\n\r\n\r\n\r\n\r\n\r\n&nbsp;\r\n\r\n\r\n\r\n<\/div>\r\n\r\n\r\n\r\n<div onclick=\"window.open(&quot;\/es\/projecte-avatars\/&quot;)\" class=\"wp-block-column column-with-link is-layout-flow wp-block-column-is-layout-flow\" tabindex=\"0\">\r\n\r\n\r\n<div class=\"wp-block-image is-style-default\">\r\n<figure class=\"aligncenter size-full is-resized\"><img loading=\"lazy\" decoding=\"async\" class=\"alignnone wp-image-1022\" src=\"\/wp-content\/uploads\/2021\/10\/p-avatar.png\" alt=\"Isotipo del concepto &quot;Avatares&quot; realizado con una imagen de una ni\u00f1a sonriente.\" width=\"96\" height=\"96\" srcset=\"https:\/\/www.catac.upc.edu\/wp-content\/uploads\/2021\/10\/p-avatar.png 512w, https:\/\/www.catac.upc.edu\/wp-content\/uploads\/2021\/10\/p-avatar-300x300.png 300w, https:\/\/www.catac.upc.edu\/wp-content\/uploads\/2021\/10\/p-avatar-150x150.png 150w\" sizes=\"auto, (max-width: 96px) 100vw, 96px\" \/><\/figure>\r\n<\/div>\r\n\r\n\r\n\r\n<h3 class=\"has-text-align-center wp-block-heading\">Avatares<\/h3>\r\n\r\n\r\n\r\n\r\nEl proyecto Avatares se concibe en el marco de los Sistemas Aumentativos y Alternativos de Comunicaci\u00f3n (SAAC), con el fin de dise\u00f1ar conjuntos de pictogramas dirigidos a personas con dificultades de comunicaci\u00f3n. Lo est\u00e1n desarrollando estudiantes y profesores de la UPC con la metodolog\u00eda aprendizaje-servicio. Concretamente, en el dise\u00f1o est\u00e1n participando estudiantes del grado de Dise\u00f1o Industrial y Desarrollo del Producto de la EPSEVG. Los resultados de este proyecto nutren parte del contenido del proyecto Easy Communicator.\r\n\r\n\r\n\r\n\r\n\r\n&nbsp;\r\n\r\n\r\n\r\n<\/div>\r\n\r\n\r\n<\/div>\r\n\r\n\r\n\r\n<div class=\"wp-block-columns is-layout-flex wp-container-core-columns-is-layout-28f84493 wp-block-columns-is-layout-flex\">\r\n\r\n\r\n<div onclick=\"window.open(&quot;\/es\/proyectos-de-accesibilidad\/proyecto-adecuacion-de-una-vivienda\/&quot;)\" class=\"wp-block-column column-with-link is-layout-flow wp-block-column-is-layout-flow\" tabindex=\"0\">\r\n\r\n\r\n<figure class=\"wp-block-image aligncenter size-full is-resized\"><img loading=\"lazy\" decoding=\"async\" width=\"96\" height=\"96\" class=\"wp-image-1997\" style=\"width: 96px;\" src=\"https:\/\/www.catac.upc.edu\/wp-content\/uploads\/2024\/03\/eina-ahu.png\" alt=\"Logotipo de la herramienta de an\u00e1lisis de la adecuaci\u00f3n de una vivienda a sus habitantes.\" srcset=\"https:\/\/www.catac.upc.edu\/wp-content\/uploads\/2024\/03\/eina-ahu.png 512w, https:\/\/www.catac.upc.edu\/wp-content\/uploads\/2024\/03\/eina-ahu-300x300.png 300w, https:\/\/www.catac.upc.edu\/wp-content\/uploads\/2024\/03\/eina-ahu-150x150.png 150w\" sizes=\"auto, (max-width: 96px) 100vw, 96px\" \/><\/figure>\r\n\r\n\r\n\r\n<h3 class=\"wp-block-heading has-text-align-center\">Herramienta para evaluar la adecuaci\u00f3n de una vivienda<\/h3>\r\n\r\n\r\n\r\n<p class=\"has-text-align-left\">Este proyecto es el resultado de la colaboraci\u00f3n entre la Federaci\u00f3 de la Par\u00e0lisi Cerebral i la Pluridiscapacitat de Catalunya (FEPCCAT) y la Universitat Polit\u00e8cnica de Catalunya (UPC). Nace de la necesidad de valorar la accesibilidad de una vivienda y priorizar actuaciones de mejora en la misma. Los participantes que han contribuido al \u00e9xito del proyecto son t\u00e9cnicos de la FEPCCAT, profesores de la UPC y personas diagn\u00f3sticas de par\u00e1lisis cerebral y\/o en situaci\u00f3n de pluridiscapacidad.<\/p>\r\n\r\n\r\n\r\n\r\n\r\n\r\n<\/div>\r\n\r\n\r\n\r\n<div class=\"wp-block-column column-with-link is-layout-flow wp-block-column-is-layout-flow\" onclick=\"window.open(&quot;\/es\/proyectos-de-accesibilidad\/proyecto-humanai\/&quot;)\" tabindex=\"0\">\r\n\r\n\r\n<figure class=\"wp-block-image aligncenter size-full is-resized\"><img loading=\"lazy\" decoding=\"async\" width=\"96\" height=\"96\" class=\"wp-image-2032\" style=\"width: 96px;\" src=\"https:\/\/www.catac.upc.edu\/wp-content\/uploads\/2025\/02\/human-ai.png\" alt=\"Logotipo del proyecto HUMANAI\" srcset=\"https:\/\/www.catac.upc.edu\/wp-content\/uploads\/2025\/02\/human-ai.png 512w, https:\/\/www.catac.upc.edu\/wp-content\/uploads\/2025\/02\/human-ai-300x300.png 300w, https:\/\/www.catac.upc.edu\/wp-content\/uploads\/2025\/02\/human-ai-150x150.png 150w\" sizes=\"auto, (max-width: 96px) 100vw, 96px\" \/><\/figure>\r\n\r\n\r\n\r\n<h3 class=\"wp-block-heading has-text-align-center\">HumanAI<\/h3>\r\n\r\n\r\n\r\n\r\n<p>HumanIA (Inteligencia Artificial  centrada en las personas: Hacia modelos del lenguaje accesibles y personalizables) es un proyecto de investigaci\u00f3n que tiene por objetivo desarrollar herramientas de IA generativa en espa\u00f1ol espec\u00edficamente dise\u00f1adas para personas con discapacidad intelectual. Este trabajo busca impulsar la inclusi\u00f3n y accesibilidad, reducir la brecha digital y mejorar la calidad de vida de estas personas, con un enfoque \u00e9tico y de responsabilidad ambiental. En el proyecto colaboran grupos de investigaci\u00f3n de la Universidad Carlos III de Madrid, de la Universidad Complutense de Madrid, de la Universidad Nacional de Educaci\u00f3n a Distancia y de la Universitat Polit\u00e8cnica de Catalunya.<\/p>\r\n\r\n\r\n\r\n\r\n<p><\/p>\r\n<\/div>>\r\n\r\n<\/div>\r\n\r\n\r\n<\/div>\r\n","protected":false},"excerpt":{"rendered":"<p>Proyectos de accesibilidad L\u00edneas estrat\u00e9gicas Docente La docencia, en el entorno universitario, la formaci\u00f3n continua, en el entorno empresarial, y la transferencia del conocimiento, en general, constituyen una l\u00ednea natural de proyectos de la C\u00e1tedra de Accesibilidad. Formaciones personalizadas en accesibilidad TIC, en servicios inclusivos, o en estrategias de dise\u00f1o para tadas las personas son &hellip;<\/p>\n<p class=\"read-more\"> <a class=\"\" href=\"https:\/\/www.catac.upc.edu\/accessibility-projects\/\"> <span class=\"screen-reader-text\">Proyectos de Accesibilidad<\/span> Leer m\u00e1s &raquo;<\/a><\/p>\n","protected":false},"author":2,"featured_media":0,"parent":0,"menu_order":0,"comment_status":"closed","ping_status":"closed","template":"","meta":{"_uag_custom_page_level_css":"","site-sidebar-layout":"default","site-content-layout":"default","ast-site-content-layout":"default","site-content-style":"default","site-sidebar-style":"default","ast-global-header-display":"","ast-banner-title-visibility":"","ast-main-header-display":"","ast-hfb-above-header-display":"","ast-hfb-below-header-display":"","ast-hfb-mobile-header-display":"","site-post-title":"disabled","ast-breadcrumbs-content":"","ast-featured-img":"","footer-sml-layout":"","theme-transparent-header-meta":"default","adv-header-id-meta":"","stick-header-meta":"","header-above-stick-meta":"","header-main-stick-meta":"","header-below-stick-meta":"","astra-migrate-meta-layouts":"set","footnotes":""},"class_list":["post-185","page","type-page","status-publish","hentry"],"uagb_featured_image_src":{"full":false,"thumbnail":false,"medium":false,"medium_large":false,"large":false,"1536x1536":false,"2048x2048":false},"uagb_author_info":{"display_name":"Daniel Guasch","author_link":"https:\/\/www.catac.upc.edu\/author\/dani\/"},"uagb_comment_info":0,"uagb_excerpt":"Proyectos de accesibilidad L\u00edneas estrat\u00e9gicas Docente La docencia, en el entorno universitario, la formaci\u00f3n continua, en el entorno empresarial, y la transferencia del conocimiento, en general, constituyen una l\u00ednea natural de proyectos de la C\u00e1tedra de Accesibilidad. Formaciones personalizadas en accesibilidad TIC, en servicios inclusivos, o en estrategias de dise\u00f1o para tadas las personas son&hellip;","_links":{"self":[{"href":"https:\/\/www.catac.upc.edu\/wp-json\/wp\/v2\/pages\/185","targetHints":{"allow":["GET"]}}],"collection":[{"href":"https:\/\/www.catac.upc.edu\/wp-json\/wp\/v2\/pages"}],"about":[{"href":"https:\/\/www.catac.upc.edu\/wp-json\/wp\/v2\/types\/page"}],"author":[{"embeddable":true,"href":"https:\/\/www.catac.upc.edu\/wp-json\/wp\/v2\/users\/2"}],"replies":[{"embeddable":true,"href":"https:\/\/www.catac.upc.edu\/wp-json\/wp\/v2\/comments?post=185"}],"version-history":[{"count":42,"href":"https:\/\/www.catac.upc.edu\/wp-json\/wp\/v2\/pages\/185\/revisions"}],"predecessor-version":[{"id":2055,"href":"https:\/\/www.catac.upc.edu\/wp-json\/wp\/v2\/pages\/185\/revisions\/2055"}],"wp:attachment":[{"href":"https:\/\/www.catac.upc.edu\/wp-json\/wp\/v2\/media?parent=185"}],"curies":[{"name":"wp","href":"https:\/\/api.w.org\/{rel}","templated":true}]}}