{"id":183,"date":"2021-07-08T18:04:18","date_gmt":"2021-07-08T18:04:18","guid":{"rendered":"http:\/\/147.83.158.234\/?page_id=183"},"modified":"2022-08-31T20:26:35","modified_gmt":"2022-08-31T20:26:35","slug":"accessibility-journal","status":"publish","type":"page","link":"https:\/\/www.catac.upc.edu\/accessibility-journal\/","title":{"rendered":"Revista de Accesibilidad"},"content":{"rendered":"\r\n<div class=\"wp-block-image is-style-default\">\r\n<figure class=\"aligncenter size-full is-resized\"><img loading=\"lazy\" decoding=\"async\" class=\"alignnone wp-image-1239 size-full\" src=\"\/wp-content\/uploads\/2021\/10\/cap-04-jacces-es.jpg\" alt=\" Imagen de la cabecera del men\u00fa &quot;Revista de Accesibilidad y Dise\u00f1o para todas las personas&quot; que muestra una ola de la playa y contiene el mensaje &quot;Generaci\u00f3n de conocimiento&quot; y &quot;Transmisi\u00f3n de experiencias&quot;.\" width=\"1200\" height=\"256\" srcset=\"https:\/\/www.catac.upc.edu\/wp-content\/uploads\/2021\/10\/cap-04-jacces-es.jpg 1200w, https:\/\/www.catac.upc.edu\/wp-content\/uploads\/2021\/10\/cap-04-jacces-es-300x64.jpg 300w, https:\/\/www.catac.upc.edu\/wp-content\/uploads\/2021\/10\/cap-04-jacces-es-1024x218.jpg 1024w, https:\/\/www.catac.upc.edu\/wp-content\/uploads\/2021\/10\/cap-04-jacces-es-768x164.jpg 768w\" sizes=\"auto, (max-width: 1200px) 100vw, 1200px\" \/><\/figure>\r\n<\/div>\r\n\r\n\r\n\r\n<h1 class=\"has-text-align-center wp-block-heading\" id=\"section-content\" aria-label=\"Inicio de la secci\u00f3n referente a la revista de accesibilidad y dise\u00f1o para todas las personas\" accesskey=\"1\"><a class=\"no-link\" href=\"#section-content\" accesskey=\"1\">Revista de Accesibilidad y Dise\u00f1o para Todas las personas<\/a><\/h1>\r\n\r\n\r\n\r\n<div class=\"wp-block-spacer\" style=\"height: 100px;\" aria-hidden=\"true\">\u00a0<\/div>\r\n\r\n\r\n\r\n<div class=\"wp-block-columns is-layout-flex wp-container-core-columns-is-layout-28f84493 wp-block-columns-is-layout-flex\">\r\n<div class=\"wp-block-column is-layout-flow wp-block-column-is-layout-flow\">\r\n<div class=\"wp-block-image is-style-default\">\r\n<figure class=\"aligncenter size-full is-resized\"><img loading=\"lazy\" decoding=\"async\" class=\"alignnone wp-image-916\" src=\"\/wp-content\/uploads\/2021\/10\/missio.png\" alt=\"Isotipo del concepto &quot;alcance&quot; realizado con una flecha diagonal se\u00f1alando hacia arriba a la derecha.\" width=\"96\" height=\"96\" srcset=\"https:\/\/www.catac.upc.edu\/wp-content\/uploads\/2021\/10\/missio.png 256w, https:\/\/www.catac.upc.edu\/wp-content\/uploads\/2021\/10\/missio-150x150.png 150w\" sizes=\"auto, (max-width: 96px) 100vw, 96px\" \/><\/figure>\r\n<\/div>\r\n\r\n\r\n\r\n<p class=\"has-text-align-center\">Alcance<\/p>\r\n\r\n\r\n\r\n<p>El objetivo de Journal of Accessibility and Design for All (JACCES) es publicar art\u00edculos te\u00f3ricos y emp\u00edricos que contrasten y ampl\u00eden las teor\u00edas existentes y construyan nuevas tesis que contribuyan a la comprensi\u00f3n de fen\u00f3menos relacionados con aspectos del Dise\u00f1o Universal, la Igualdad de Oportunidades y la Inclusi\u00f3n para las personas con discapacidad. Al ser una revista internacional, el idioma de publicaci\u00f3n es ingl\u00e9s.<\/p>\r\n<\/div>\r\n\r\n\r\n\r\n<div class=\"wp-block-column is-layout-flow wp-block-column-is-layout-flow\">\r\n<div class=\"wp-block-image is-style-default\">\r\n<figure class=\"aligncenter size-full is-resized\"><img loading=\"lazy\" decoding=\"async\" class=\"alignnone wp-image-921\" src=\"\/wp-content\/uploads\/2021\/10\/ambit.png\" alt=\"Isotipo del concepto &quot;\u00e1mbitos de inter\u00e9s&quot; realizado con un conjunto de una circunferencia y un tri\u00e1ngulo uno junto al otro.\" width=\"96\" height=\"96\" srcset=\"https:\/\/www.catac.upc.edu\/wp-content\/uploads\/2021\/10\/ambit.png 256w, https:\/\/www.catac.upc.edu\/wp-content\/uploads\/2021\/10\/ambit-150x150.png 150w\" sizes=\"auto, (max-width: 96px) 100vw, 96px\" \/><\/figure>\r\n<\/div>\r\n\r\n\r\n\r\n<p class=\"has-text-align-center\">\u00c1mbitos de inter\u00e9s<\/p>\r\n\r\n\r\n\r\n<p>JACCES incluye contribuciones, entre otros, en los siguientes campos: (1) Ingenier\u00eda, (2) Arquitectura y construcci\u00f3n, (3) Salud y atenci\u00f3n m\u00e9dica, (4) Educaci\u00f3n, (5) Sociedad y econom\u00eda. Las aportaciones pueden adoptar enfoques metodol\u00f3gicos, tanto cuantitativos como cualitativos, garantizando la calidad cient\u00edfica de la comunicaci\u00f3n.<\/p>\r\n<\/div>\r\n\r\n\r\n\r\n<div class=\"wp-block-column is-layout-flow wp-block-column-is-layout-flow\">\r\n<div class=\"wp-block-image is-style-default\">\r\n<figure class=\"aligncenter size-full is-resized\"><img loading=\"lazy\" decoding=\"async\" class=\"alignnone wp-image-986\" src=\"\/wp-content\/uploads\/2021\/10\/creativecommons.png\" alt=\"Isotipo del concepto &quot;pol\u00edtica de acceso abierto&quot; realizado con un conjunto de dos letras C.\" width=\"96\" height=\"96\" srcset=\"https:\/\/www.catac.upc.edu\/wp-content\/uploads\/2021\/10\/creativecommons.png 256w, https:\/\/www.catac.upc.edu\/wp-content\/uploads\/2021\/10\/creativecommons-150x150.png 150w\" sizes=\"auto, (max-width: 96px) 100vw, 96px\" \/><\/figure>\r\n<\/div>\r\n\r\n\r\n\r\n<p class=\"has-text-align-center\">Pol\u00edtica de acceso abierto<\/p>\r\n\r\n\r\n\r\n<p>Se publica en l\u00ednea siguiendo una pol\u00edtica de acceso abierto. Por lo tanto, todo el contenido est\u00e1 disponible de forma gratuita sin ning\u00fan cargo para el usuario o su instituci\u00f3n. Los usuarios pueden leer, descargar, copiar, distribuir, imprimir, buscar o enlazar los textos completos de los art\u00edculos o utilizarlos para cualquier otro prop\u00f3sito l\u00edcito, sin pedir permiso previo al editor o el autor. Esto es de acuerdo con la definici\u00f3n BOAI de acceso abierto.<\/p>\r\n<\/div>\r\n<\/div>\r\n\r\n\r\n\r\n<div class=\"wp-block-columns is-layout-flex wp-container-core-columns-is-layout-28f84493 wp-block-columns-is-layout-flex\">\r\n<div class=\"wp-block-column is-layout-flow wp-block-column-is-layout-flow\">\r\n<div class=\"wp-block-image is-style-default\">\r\n<figure class=\"aligncenter size-full is-resized\"><img loading=\"lazy\" decoding=\"async\" class=\"alignnone wp-image-985\" src=\"\/wp-content\/uploads\/2021\/10\/temps.png\" alt=\"Isotipo del concepto &quot;frecuencia de publicaci\u00f3n&quot; realizado con un conjunto de dos tri\u00e1ngulos juntando las puntas\" width=\"96\" height=\"96\" srcset=\"https:\/\/www.catac.upc.edu\/wp-content\/uploads\/2021\/10\/temps.png 256w, https:\/\/www.catac.upc.edu\/wp-content\/uploads\/2021\/10\/temps-150x150.png 150w\" sizes=\"auto, (max-width: 96px) 100vw, 96px\" \/><\/figure>\r\n<\/div>\r\n\r\n\r\n\r\n<p class=\"has-text-align-center\">Frecuencia de publicaci\u00f3n<\/p>\r\n\r\n\r\n\r\n<p>La Journal of Accessibility and Design for All se publica semestralmente, en mayo y noviembre de cada a\u00f1o. Los dos n\u00fameros de un a\u00f1o forman un volumen anual. La revista tambi\u00e9n puede publicar n\u00fameros especiales sobre temas espec\u00edficos de investigaci\u00f3n. Estos n\u00fameros especiales pueden tener editores espec\u00edficos. Para estos n\u00fameros especiales, se anunciar\u00e1n convocatorias espec\u00edficas de comunicaciones.<\/p>\r\n<\/div>\r\n\r\n\r\n\r\n<div class=\"wp-block-column is-layout-flow wp-block-column-is-layout-flow\">\r\n<div class=\"wp-block-image is-style-default\">\r\n<figure class=\"aligncenter size-full is-resized\"><img loading=\"lazy\" decoding=\"async\" class=\"alignnone wp-image-984\" src=\"\/wp-content\/uploads\/2021\/10\/revisio.png\" alt=\"Isotipo del concepto &quot;proceso de revisi\u00f3n&quot; realizado con una flecha horizontal se\u00f1alando hacia la derecha que corta una recta vertical.\" width=\"96\" height=\"96\" srcset=\"https:\/\/www.catac.upc.edu\/wp-content\/uploads\/2021\/10\/revisio.png 256w, https:\/\/www.catac.upc.edu\/wp-content\/uploads\/2021\/10\/revisio-150x150.png 150w\" sizes=\"auto, (max-width: 96px) 100vw, 96px\" \/><\/figure>\r\n<\/div>\r\n\r\n\r\n\r\n<p class=\"has-text-align-center\">Proceso de revisi\u00f3n<\/p>\r\n\r\n\r\n\r\n<p>JACC selecciona los art\u00edculos para publicar en un sistema de revisi\u00f3n paritaria de doble ciego, siguiendo las pr\u00e1cticas de las revistas acad\u00e9micas. Una vez el equipo editorial ha comprobado que la aportaci\u00f3n sigue las directrices de autor de formato y de contenido, env\u00eda a dos revisores externos an\u00f3nimos con experiencia en el campo. Basado en las recomendaciones del revisor, el editor comunicar\u00e1 los resultados de la evaluaci\u00f3n al autor correspondiente (rechazado, aceptado o aceptado con modificaciones), incluidos los comentarios del revisor.<\/p>\r\n<\/div>\r\n\r\n\r\n\r\n<div class=\"wp-block-column is-layout-flow wp-block-column-is-layout-flow\">\u00a0<\/div>\r\n<\/div>\r\n\r\n\r\n\r\n<div class=\"wp-block-columns is-layout-flex wp-container-core-columns-is-layout-28f84493 wp-block-columns-is-layout-flex\">\r\n\r\n<div class=\"wp-block-column is-layout-flow wp-block-column-is-layout-flow\"><\/div>\r\n\r\n\r\n\r\n<div class=\"wp-block-column column-with-link is-layout-flow wp-block-column-is-layout-flow\" tabindex=\"0\" onclick=\"window.open(&quot;http:\/\/www.jacces.org\/&quot;)\">\r\n<figure class=\"wp-block-image aligncenter size-full is-resized\"><img loading=\"lazy\" decoding=\"async\" src=\"\/wp-content\/uploads\/2021\/08\/Jacces-web.png\" alt=\"Isotipo del Journal of Accessibility and Design for All. ISSN 213-7087\" class=\"wp-image-887\" width=\"256\" height=\"256\" srcset=\"https:\/\/www.catac.upc.edu\/wp-content\/uploads\/2021\/08\/Jacces-web.png 512w, https:\/\/www.catac.upc.edu\/wp-content\/uploads\/2021\/08\/Jacces-web-300x300.png 300w, https:\/\/www.catac.upc.edu\/wp-content\/uploads\/2021\/08\/Jacces-web-150x150.png 150w\" sizes=\"auto, (max-width: 256px) 100vw, 256px\" \/><figcaption>Journal of Accessibility and Design for All. ISSN 213-7087<\/figcaption><\/figure>\r\n<\/div>\r\n\r\n\r\n\r\n<div class=\"wp-block-column is-layout-flow wp-block-column-is-layout-flow\"><\/div>\r\n<\/div>\r\n","protected":false},"excerpt":{"rendered":"<p>Revista de Accesibilidad y Dise\u00f1o para Todas las personas \u00a0 Alcance El objetivo de Journal of Accessibility and Design for All (JACCES) es publicar art\u00edculos te\u00f3ricos y emp\u00edricos que contrasten y ampl\u00eden las teor\u00edas existentes y construyan nuevas tesis que contribuyan a la comprensi\u00f3n de fen\u00f3menos relacionados con aspectos del Dise\u00f1o Universal, la Igualdad de &hellip;<\/p>\n<p class=\"read-more\"> <a class=\"\" href=\"https:\/\/www.catac.upc.edu\/accessibility-journal\/\"> <span class=\"screen-reader-text\">Revista de Accesibilidad<\/span> Leer m\u00e1s &raquo;<\/a><\/p>\n","protected":false},"author":2,"featured_media":0,"parent":0,"menu_order":0,"comment_status":"closed","ping_status":"closed","template":"","meta":{"_uag_custom_page_level_css":"","site-sidebar-layout":"default","site-content-layout":"default","ast-site-content-layout":"","site-content-style":"default","site-sidebar-style":"default","ast-global-header-display":"","ast-banner-title-visibility":"","ast-main-header-display":"","ast-hfb-above-header-display":"","ast-hfb-below-header-display":"","ast-hfb-mobile-header-display":"","site-post-title":"disabled","ast-breadcrumbs-content":"","ast-featured-img":"","footer-sml-layout":"","theme-transparent-header-meta":"default","adv-header-id-meta":"","stick-header-meta":"","header-above-stick-meta":"","header-main-stick-meta":"","header-below-stick-meta":"","astra-migrate-meta-layouts":"","footnotes":""},"class_list":["post-183","page","type-page","status-publish","hentry"],"uagb_featured_image_src":{"full":false,"thumbnail":false,"medium":false,"medium_large":false,"large":false,"1536x1536":false,"2048x2048":false},"uagb_author_info":{"display_name":"Daniel Guasch","author_link":"https:\/\/www.catac.upc.edu\/author\/dani\/"},"uagb_comment_info":0,"uagb_excerpt":"Revista de Accesibilidad y Dise\u00f1o para Todas las personas \u00a0 Alcance El objetivo de Journal of Accessibility and Design for All (JACCES) es publicar art\u00edculos te\u00f3ricos y emp\u00edricos que contrasten y ampl\u00eden las teor\u00edas existentes y construyan nuevas tesis que contribuyan a la comprensi\u00f3n de fen\u00f3menos relacionados con aspectos del Dise\u00f1o Universal, la Igualdad de&hellip;","_links":{"self":[{"href":"https:\/\/www.catac.upc.edu\/wp-json\/wp\/v2\/pages\/183","targetHints":{"allow":["GET"]}}],"collection":[{"href":"https:\/\/www.catac.upc.edu\/wp-json\/wp\/v2\/pages"}],"about":[{"href":"https:\/\/www.catac.upc.edu\/wp-json\/wp\/v2\/types\/page"}],"author":[{"embeddable":true,"href":"https:\/\/www.catac.upc.edu\/wp-json\/wp\/v2\/users\/2"}],"replies":[{"embeddable":true,"href":"https:\/\/www.catac.upc.edu\/wp-json\/wp\/v2\/comments?post=183"}],"version-history":[{"count":63,"href":"https:\/\/www.catac.upc.edu\/wp-json\/wp\/v2\/pages\/183\/revisions"}],"predecessor-version":[{"id":1886,"href":"https:\/\/www.catac.upc.edu\/wp-json\/wp\/v2\/pages\/183\/revisions\/1886"}],"wp:attachment":[{"href":"https:\/\/www.catac.upc.edu\/wp-json\/wp\/v2\/media?parent=183"}],"curies":[{"name":"wp","href":"https:\/\/api.w.org\/{rel}","templated":true}]}}