{"id":1053,"date":"2021-10-11T10:11:59","date_gmt":"2021-10-11T10:11:59","guid":{"rendered":"http:\/\/147.83.158.234\/?page_id=1053"},"modified":"2023-04-23T18:32:02","modified_gmt":"2023-04-23T18:32:02","slug":"projecte-easy-communicator","status":"publish","type":"page","link":"https:\/\/www.catac.upc.edu\/accessibility-projects\/projecte-easy-communicator\/","title":{"rendered":"Proyecto Easy Communicator"},"content":{"rendered":"\r\n<figure class=\"wp-block-image aligncenter size-full is-style-default\"><img loading=\"lazy\" decoding=\"async\" width=\"1200\" height=\"256\" src=\"\/wp-content\/uploads\/2021\/10\/cap-07-eco.jpg\" alt=\"Imagen de unas olas en la orilla del mar com el texto &quot;Easy Communictor&quot;, el logotipo de la C\u00e1tedra de Accesibilidad y el logotipo de &quot;Easy Communictor&quot;.\" class=\"wp-image-1255\" srcset=\"https:\/\/www.catac.upc.edu\/wp-content\/uploads\/2021\/10\/cap-07-eco.jpg 1200w, https:\/\/www.catac.upc.edu\/wp-content\/uploads\/2021\/10\/cap-07-eco-300x64.jpg 300w, https:\/\/www.catac.upc.edu\/wp-content\/uploads\/2021\/10\/cap-07-eco-1024x218.jpg 1024w, https:\/\/www.catac.upc.edu\/wp-content\/uploads\/2021\/10\/cap-07-eco-768x164.jpg 768w\" sizes=\"auto, (max-width: 1200px) 100vw, 1200px\" \/><\/figure>\r\n\r\n\r\n\r\n<h2 class=\"has-text-align-center wp-block-heading\" id=\"section-content\" aria-label=\"Inicio de la secci\u00f3n referente al proyecto easy communicator\" accesskey=\"1\"><a class=\"no-link\" href=\"#section-contents\" accesskey=\"1\">Proyecto Easy Communicator<\/a><\/h2>\r\n\r\n\r\n\r\n<div class=\"wp-block-columns is-layout-flex wp-container-core-columns-is-layout-28f84493 wp-block-columns-is-layout-flex\">\r\n<div class=\"wp-block-column is-layout-flow wp-block-column-is-layout-flow\">\r\n<figure class=\"wp-block-image aligncenter size-full is-resized is-style-default\"><img loading=\"lazy\" decoding=\"async\" src=\"\/wp-content\/uploads\/2021\/10\/creacio.png\" alt=\"Creaci\u00f3\" class=\"wp-image-911\" width=\"96\" height=\"96\" srcset=\"https:\/\/www.catac.upc.edu\/wp-content\/uploads\/2021\/10\/creacio.png 256w, https:\/\/www.catac.upc.edu\/wp-content\/uploads\/2021\/10\/creacio-150x150.png 150w\" sizes=\"auto, (max-width: 96px) 100vw, 96px\" \/><\/figure>\r\n\r\n\r\n\r\n<p>La C\u00e1tedra de Accesibilidad de la Universitat Polit\u00e8cnica de Catalunya est\u00e1 desarrollando la herramienta para dispositivos m\u00f3viles de aprendizaje y comunicaci\u00f3n -augmentativa y alternativa- llamada Easy Communicator (ECO). El objetivo de este proyecto es aportar una herramienta que mejore las posibilidades de comunicaci\u00f3n y comprensi\u00f3n, tanto en el entorno m\u00e1s personal como acad\u00e9mico, de personas con dificultades en el lenguaje, el aprendizaje, la relaci\u00f3n con su entorno, etc . Los colectivos a los que se dirige el proyecto son desde ni\u00f1os con trastorno del espectro autista, adolescentes con par\u00e1lisis cerebral, hasta ancianos con problemas cognitivos.<\/p>\r\n<\/div>\r\n\r\n\r\n\r\n<div class=\"wp-block-column is-layout-flow wp-block-column-is-layout-flow\">\r\n<figure class=\"wp-block-image aligncenter size-full is-resized is-style-default\"><img loading=\"lazy\" decoding=\"async\" src=\"\/wp-content\/uploads\/2021\/10\/organitzacio.png\" alt=\"Organization\" class=\"wp-image-917\" width=\"96\" height=\"96\" srcset=\"https:\/\/www.catac.upc.edu\/wp-content\/uploads\/2021\/10\/organitzacio.png 256w, https:\/\/www.catac.upc.edu\/wp-content\/uploads\/2021\/10\/organitzacio-150x150.png 150w\" sizes=\"auto, (max-width: 96px) 100vw, 96px\" \/><\/figure>\r\n\r\n\r\n\r\n<p>El desarrollo del proyecto se centra en dos vertientes: la programaci\u00f3n de la aplicaci\u00f3n inform\u00e1tica y la definici\u00f3n de los elementos de comunicaci\u00f3n que utiliza. La aplicaci\u00f3n se est\u00e1 desarrollando para tabletas Android. Existen numerosas aplicaciones similares actualmente en esta plataforma. Las principales caracter\u00edsticas que distinguen a ECO de las existentes son la concepci\u00f3n de la interacci\u00f3n con el usuario como un juego, la posibilidad de generar y compartir contenido espec\u00edfico personalizado de forma flexible y la de ser una plataforma abierta y gratuita. Los usuarios son tanto los padres, profesores o cuidadores como los hijos, estudiantes o abuelos. La definici\u00f3n, estructuraci\u00f3n, importaci\u00f3n o exportaci\u00f3n del contenido es llevar a cabo con el mismo aplicativo, en una secci\u00f3n privada para padres o profesores; facilitando su utilizaci\u00f3n tanto en el hogar, como en la escuela o centro rehabilitador.<\/p>\r\n<\/div>\r\n<\/div>\r\n\r\n\r\n\r\n<div class=\"wp-block-columns is-layout-flex wp-container-core-columns-is-layout-28f84493 wp-block-columns-is-layout-flex\">\r\n<div class=\"wp-block-column is-layout-flow wp-block-column-is-layout-flow\">\r\n<figure class=\"wp-block-image aligncenter size-full is-resized is-style-default\"><img loading=\"lazy\" decoding=\"async\" src=\"\/wp-content\/uploads\/2021\/10\/ambit.png\" alt=\"\u00c1mbitos\" class=\"wp-image-921\" width=\"96\" height=\"96\" srcset=\"https:\/\/www.catac.upc.edu\/wp-content\/uploads\/2021\/10\/ambit.png 256w, https:\/\/www.catac.upc.edu\/wp-content\/uploads\/2021\/10\/ambit-150x150.png 150w\" sizes=\"auto, (max-width: 96px) 100vw, 96px\" \/><\/figure>\r\n\r\n\r\n\r\n<p>ECO contempla como elementos de comunicaci\u00f3n la combinaci\u00f3n de fotograf\u00edas, pictogramas, v\u00eddeos, textos y voces. As\u00ed pues, los mensajes se ofrecen con formatos alternativos complementarios. Por ejemplo, para indicar el concepto escuela se puede optar por una combinaci\u00f3n personalizada de la fotograf\u00eda de la escuela del usuario, el pictograma gen\u00e9rico, el v\u00eddeo de la palabra escuela en lengua de signos, la palabra le\u00edda y el texto. Existen colecciones de pictogramas, voces y v\u00eddeos, algunas de libre utilizaci\u00f3n, como las de ARASAAC, y otras propietarias. La aplicaci\u00f3n permite tanto incorporar estas fuentes y estructurarlas internamente, como utilizar un peque\u00f1o conjunto de desarrollo propio. El dise\u00f1o de los propios elementos de comunicaci\u00f3n tiene un doble objetivo: la formulaci\u00f3n de una propuesta de pautas que permita sistematizar el dise\u00f1o y elecci\u00f3n de los pictogramas, voces o textos; y la creaci\u00f3n de un vivero de recursos que otros usuarios puedan utilizar y ampliar libremente. La aplicaci\u00f3n est\u00e1 disponible en 3 idiomas, seleccionables desde la interfaz de usuario: catal\u00e1n, castellano e ingl\u00e9s.<\/p>\r\n<\/div>\r\n\r\n\r\n\r\n<div class=\"wp-block-column is-layout-flow wp-block-column-is-layout-flow\">\r\n<figure class=\"wp-block-image aligncenter size-full is-resized is-style-default\"><img loading=\"lazy\" decoding=\"async\" src=\"\/wp-content\/uploads\/2021\/10\/equip.png\" alt=\"Equip de trenall\" class=\"wp-image-914\" width=\"96\" height=\"96\" srcset=\"https:\/\/www.catac.upc.edu\/wp-content\/uploads\/2021\/10\/equip.png 256w, https:\/\/www.catac.upc.edu\/wp-content\/uploads\/2021\/10\/equip-150x150.png 150w\" sizes=\"auto, (max-width: 96px) 100vw, 96px\" \/><\/figure>\r\n\r\n\r\n\r\n<p>El proyecto Easy Communicator se est\u00e1 llevando a cabo por estudiantes y profesores de la UPC con la metodolog\u00eda aprendizaje-servicio. En la programaci\u00f3n de la aplicaci\u00f3n participan estudiantes del grado de Ingenier\u00eda Inform\u00e1tica de la Escuela Polit\u00e9cnica Superior de Ingenier\u00eda de Vilanova y la Geltr\u00fa (EPSEVG). Mientras que en la definici\u00f3n y creaci\u00f3n de los elementos de comunicaci\u00f3n est\u00e1n trabajando estudiantes del grado de Dise\u00f1o Industrial y Desarrollo del Producto de la EPSEVG. Profesores de los departamentos de Ingenier\u00eda Telem\u00e1tica (ENTEL) y Lenguajes y Sistemas Inform\u00e1ticos (LSI) llevan a cabo tareas de tutorizaci\u00f3n y desarrollo. Finalmente, entidades como el Equipo de Asesoramiento y Orientaci\u00f3n Psicopedag\u00f3gica del Garraf, la Escuela Marta Mata de El Vendrell, el Centro Especial de Trabajo TEGAR de Vilanova y la Geltr\u00fa y la Fundaci\u00f3n Privada San Antonio Abad de Vil\u00f1anova i la Geltr\u00fa han aportado la experiencia de usuario y la validaci\u00f3n de los resultados a lo largo del desarrollo del proyecto.<\/p>\r\n<\/div>\r\n<\/div>\r\n\r\n\r\n\r\n<h2 class=\"wp-block-heading has-text-align-center\">Galer\u00eda de im\u00e1genes<\/h2>\r\n\r\n\r\n\r\n<div class=\"wp-block-columns is-layout-flex wp-container-core-columns-is-layout-28f84493 wp-block-columns-is-layout-flex\">\r\n<div class=\"wp-block-column is-layout-flow wp-block-column-is-layout-flow\">\r\n<figure class=\"wp-block-image size-full is-style-default\"><img loading=\"lazy\" decoding=\"async\" width=\"960\" height=\"630\" src=\"\/wp-content\/uploads\/2021\/10\/ECO-1.png\" alt=\"\" class=\"wp-image-1074\" srcset=\"https:\/\/www.catac.upc.edu\/wp-content\/uploads\/2021\/10\/ECO-1.png 960w, https:\/\/www.catac.upc.edu\/wp-content\/uploads\/2021\/10\/ECO-1-300x197.png 300w, https:\/\/www.catac.upc.edu\/wp-content\/uploads\/2021\/10\/ECO-1-768x504.png 768w\" sizes=\"auto, (max-width: 960px) 100vw, 960px\" \/><\/figure>\r\n<\/div>\r\n\r\n\r\n\r\n<div class=\"wp-block-column is-layout-flow wp-block-column-is-layout-flow\">\r\n<figure class=\"wp-block-image size-full is-style-default\"><img loading=\"lazy\" decoding=\"async\" width=\"960\" height=\"631\" src=\"\/wp-content\/uploads\/2021\/10\/ECO-2.png\" alt=\"\" class=\"wp-image-1075\" srcset=\"https:\/\/www.catac.upc.edu\/wp-content\/uploads\/2021\/10\/ECO-2.png 960w, https:\/\/www.catac.upc.edu\/wp-content\/uploads\/2021\/10\/ECO-2-300x197.png 300w, https:\/\/www.catac.upc.edu\/wp-content\/uploads\/2021\/10\/ECO-2-768x505.png 768w\" sizes=\"auto, (max-width: 960px) 100vw, 960px\" \/><\/figure>\r\n<\/div>\r\n\r\n\r\n\r\n<div class=\"wp-block-column is-layout-flow wp-block-column-is-layout-flow\">\r\n<figure class=\"wp-block-image size-full is-style-default\"><img loading=\"lazy\" decoding=\"async\" width=\"960\" height=\"630\" src=\"\/wp-content\/uploads\/2021\/10\/ECO-3.png\" alt=\"\" class=\"wp-image-1076\" srcset=\"https:\/\/www.catac.upc.edu\/wp-content\/uploads\/2021\/10\/ECO-3.png 960w, https:\/\/www.catac.upc.edu\/wp-content\/uploads\/2021\/10\/ECO-3-300x197.png 300w, https:\/\/www.catac.upc.edu\/wp-content\/uploads\/2021\/10\/ECO-3-768x504.png 768w\" sizes=\"auto, (max-width: 960px) 100vw, 960px\" \/><\/figure>\r\n<\/div>\r\n\r\n\r\n\r\n<div class=\"wp-block-column is-layout-flow wp-block-column-is-layout-flow\">\r\n<figure class=\"wp-block-image size-full is-style-default\"><img loading=\"lazy\" decoding=\"async\" width=\"960\" height=\"630\" src=\"\/wp-content\/uploads\/2021\/10\/ECO-4.png\" alt=\"\" class=\"wp-image-1077\" srcset=\"https:\/\/www.catac.upc.edu\/wp-content\/uploads\/2021\/10\/ECO-4.png 960w, https:\/\/www.catac.upc.edu\/wp-content\/uploads\/2021\/10\/ECO-4-300x197.png 300w, https:\/\/www.catac.upc.edu\/wp-content\/uploads\/2021\/10\/ECO-4-768x504.png 768w\" sizes=\"auto, (max-width: 960px) 100vw, 960px\" \/><\/figure>\r\n<\/div>\r\n<\/div>\r\n\r\n\r\n\r\n<div class=\"wp-block-columns is-layout-flex wp-container-core-columns-is-layout-28f84493 wp-block-columns-is-layout-flex\">\r\n<div class=\"wp-block-column is-layout-flow wp-block-column-is-layout-flow\">\r\n<figure class=\"wp-block-image size-full is-style-default\"><img loading=\"lazy\" decoding=\"async\" width=\"960\" height=\"630\" src=\"\/wp-content\/uploads\/2021\/10\/ECO-5.png\" alt=\"\" class=\"wp-image-1078\" srcset=\"https:\/\/www.catac.upc.edu\/wp-content\/uploads\/2021\/10\/ECO-5.png 960w, https:\/\/www.catac.upc.edu\/wp-content\/uploads\/2021\/10\/ECO-5-300x197.png 300w, https:\/\/www.catac.upc.edu\/wp-content\/uploads\/2021\/10\/ECO-5-768x504.png 768w\" sizes=\"auto, (max-width: 960px) 100vw, 960px\" \/><\/figure>\r\n<\/div>\r\n\r\n\r\n\r\n<div class=\"wp-block-column is-layout-flow wp-block-column-is-layout-flow\">\r\n<figure class=\"wp-block-image size-full is-style-default\"><img loading=\"lazy\" decoding=\"async\" width=\"960\" height=\"630\" src=\"\/wp-content\/uploads\/2021\/10\/ECO-6.png\" alt=\"\" class=\"wp-image-1071\" srcset=\"https:\/\/www.catac.upc.edu\/wp-content\/uploads\/2021\/10\/ECO-6.png 960w, https:\/\/www.catac.upc.edu\/wp-content\/uploads\/2021\/10\/ECO-6-300x197.png 300w, https:\/\/www.catac.upc.edu\/wp-content\/uploads\/2021\/10\/ECO-6-768x504.png 768w\" sizes=\"auto, (max-width: 960px) 100vw, 960px\" \/><\/figure>\r\n<\/div>\r\n\r\n\r\n\r\n<div class=\"wp-block-column is-layout-flow wp-block-column-is-layout-flow\">\r\n<figure class=\"wp-block-image size-full is-style-default\"><img loading=\"lazy\" decoding=\"async\" width=\"960\" height=\"630\" src=\"\/wp-content\/uploads\/2021\/10\/ECO-7.png\" alt=\"\" class=\"wp-image-1072\" srcset=\"https:\/\/www.catac.upc.edu\/wp-content\/uploads\/2021\/10\/ECO-7.png 960w, https:\/\/www.catac.upc.edu\/wp-content\/uploads\/2021\/10\/ECO-7-300x197.png 300w, https:\/\/www.catac.upc.edu\/wp-content\/uploads\/2021\/10\/ECO-7-768x504.png 768w\" sizes=\"auto, (max-width: 960px) 100vw, 960px\" \/><\/figure>\r\n<\/div>\r\n\r\n\r\n\r\n<div class=\"wp-block-column is-layout-flow wp-block-column-is-layout-flow\">\r\n<figure class=\"wp-block-image size-full is-style-default\"><img loading=\"lazy\" decoding=\"async\" width=\"960\" height=\"630\" src=\"\/wp-content\/uploads\/2021\/10\/ECO-8.png\" alt=\"\" class=\"wp-image-1073\" srcset=\"https:\/\/www.catac.upc.edu\/wp-content\/uploads\/2021\/10\/ECO-8.png 960w, https:\/\/www.catac.upc.edu\/wp-content\/uploads\/2021\/10\/ECO-8-300x197.png 300w, https:\/\/www.catac.upc.edu\/wp-content\/uploads\/2021\/10\/ECO-8-768x504.png 768w\" sizes=\"auto, (max-width: 960px) 100vw, 960px\" \/><\/figure>\r\n<\/div>\r\n<\/div>\r\n\r\n\r\n\r\n<h2 class=\"wp-block-heading has-text-align-center\">Descarga<\/h2>\r\n\r\n\r\n\r\n<div class=\"wp-block-columns is-layout-flex wp-container-core-columns-is-layout-28f84493 wp-block-columns-is-layout-flex\">\r\n<div class=\"wp-block-column column-with-link is-layout-flow wp-block-column-is-layout-flow\" onclick=\"window.open(&quot;https:\/\/play.google.com\/store\/apps\/details?id=com.catac.easy_communicator&amp;hl=en_US&amp;gl=US&quot;)\">\r\n<figure class=\"wp-block-image aligncenter size-large is-resized is-style-default\"><a href=\"https:\/\/play.google.com\/store\/apps\/details?id=com.catac.easy_communicator&amp;hl=en_US&amp;gl=US\"><img decoding=\"async\" src=\"\/wp-content\/uploads\/2021\/10\/Google-Play-Logo--1024x240.png\" alt=\"\" class=\"wp-image-1062\" width=\"128\" srcset=\"https:\/\/www.catac.upc.edu\/wp-content\/uploads\/2021\/10\/Google-Play-Logo--1024x240.png 1024w, https:\/\/www.catac.upc.edu\/wp-content\/uploads\/2021\/10\/Google-Play-Logo--300x70.png 300w, https:\/\/www.catac.upc.edu\/wp-content\/uploads\/2021\/10\/Google-Play-Logo--768x180.png 768w, https:\/\/www.catac.upc.edu\/wp-content\/uploads\/2021\/10\/Google-Play-Logo--1536x360.png 1536w, https:\/\/www.catac.upc.edu\/wp-content\/uploads\/2021\/10\/Google-Play-Logo--2048x480.png 2048w\" sizes=\"(max-width: 1024px) 100vw, 1024px\" \/><\/a><\/figure>\r\n\r\n\r\n\r\n<p class=\"has-text-align-center\"><a href=\"https:\/\/play.google.com\/store\/apps\/details?id=com.catac.easy_communicator&amp;hl=en_US&amp;gl=US\" target=\"_blank\" rel=\"noreferrer noopener\">Descarga de la aplicaci\u00f3n desde Google Play<\/a><\/p>\r\n<\/div>\r\n<\/div>\r\n\r\n\r\n\r\n<p>&nbsp;<\/p>\r\n","protected":false},"excerpt":{"rendered":"<p>Proyecto Easy Communicator La C\u00e1tedra de Accesibilidad de la Universitat Polit\u00e8cnica de Catalunya est\u00e1 desarrollando la herramienta para dispositivos m\u00f3viles de aprendizaje y comunicaci\u00f3n -augmentativa y alternativa- llamada Easy Communicator (ECO). El objetivo de este proyecto es aportar una herramienta que mejore las posibilidades de comunicaci\u00f3n y comprensi\u00f3n, tanto en el entorno m\u00e1s personal como &hellip;<\/p>\n<p class=\"read-more\"> <a class=\"\" href=\"https:\/\/www.catac.upc.edu\/accessibility-projects\/projecte-easy-communicator\/\"> <span class=\"screen-reader-text\">Proyecto Easy Communicator<\/span> Leer m\u00e1s &raquo;<\/a><\/p>\n","protected":false},"author":2,"featured_media":0,"parent":185,"menu_order":0,"comment_status":"closed","ping_status":"closed","template":"","meta":{"_uag_custom_page_level_css":"","site-sidebar-layout":"default","site-content-layout":"default","ast-site-content-layout":"","site-content-style":"default","site-sidebar-style":"default","ast-global-header-display":"","ast-banner-title-visibility":"","ast-main-header-display":"","ast-hfb-above-header-display":"","ast-hfb-below-header-display":"","ast-hfb-mobile-header-display":"","site-post-title":"disabled","ast-breadcrumbs-content":"","ast-featured-img":"","footer-sml-layout":"","theme-transparent-header-meta":"default","adv-header-id-meta":"","stick-header-meta":"","header-above-stick-meta":"","header-main-stick-meta":"","header-below-stick-meta":"","astra-migrate-meta-layouts":"","footnotes":""},"class_list":["post-1053","page","type-page","status-publish","hentry"],"uagb_featured_image_src":{"full":false,"thumbnail":false,"medium":false,"medium_large":false,"large":false,"1536x1536":false,"2048x2048":false},"uagb_author_info":{"display_name":"Daniel Guasch","author_link":"https:\/\/www.catac.upc.edu\/author\/dani\/"},"uagb_comment_info":0,"uagb_excerpt":"Proyecto Easy Communicator La C\u00e1tedra de Accesibilidad de la Universitat Polit\u00e8cnica de Catalunya est\u00e1 desarrollando la herramienta para dispositivos m\u00f3viles de aprendizaje y comunicaci\u00f3n -augmentativa y alternativa- llamada Easy Communicator (ECO). El objetivo de este proyecto es aportar una herramienta que mejore las posibilidades de comunicaci\u00f3n y comprensi\u00f3n, tanto en el entorno m\u00e1s personal como&hellip;","_links":{"self":[{"href":"https:\/\/www.catac.upc.edu\/wp-json\/wp\/v2\/pages\/1053","targetHints":{"allow":["GET"]}}],"collection":[{"href":"https:\/\/www.catac.upc.edu\/wp-json\/wp\/v2\/pages"}],"about":[{"href":"https:\/\/www.catac.upc.edu\/wp-json\/wp\/v2\/types\/page"}],"author":[{"embeddable":true,"href":"https:\/\/www.catac.upc.edu\/wp-json\/wp\/v2\/users\/2"}],"replies":[{"embeddable":true,"href":"https:\/\/www.catac.upc.edu\/wp-json\/wp\/v2\/comments?post=1053"}],"version-history":[{"count":21,"href":"https:\/\/www.catac.upc.edu\/wp-json\/wp\/v2\/pages\/1053\/revisions"}],"predecessor-version":[{"id":1986,"href":"https:\/\/www.catac.upc.edu\/wp-json\/wp\/v2\/pages\/1053\/revisions\/1986"}],"up":[{"embeddable":true,"href":"https:\/\/www.catac.upc.edu\/wp-json\/wp\/v2\/pages\/185"}],"wp:attachment":[{"href":"https:\/\/www.catac.upc.edu\/wp-json\/wp\/v2\/media?parent=1053"}],"curies":[{"name":"wp","href":"https:\/\/api.w.org\/{rel}","templated":true}]}}