{"id":185,"date":"2021-07-08T18:04:49","date_gmt":"2021-07-08T18:04:49","guid":{"rendered":"http:\/\/147.83.158.234\/?page_id=185"},"modified":"2025-02-12T12:22:18","modified_gmt":"2025-02-12T12:22:18","slug":"accessibility-projects","status":"publish","type":"page","link":"https:\/\/www.catac.upc.edu\/accessibility-projects\/","title":{"rendered":"Accessibility Projects"},"content":{"rendered":"\r\n<div class=\"wp-block-image is-style-default\">\r\n<figure class=\"aligncenter size-full\"><img loading=\"lazy\" decoding=\"async\" class=\"alignnone wp-image-1240\" src=\"\/wp-content\/uploads\/2021\/10\/cap-05-prj-en.jpg\" alt=\"Image of the \u201caccessibility projects\u201d menu header showing a wave of the beach and containing the message \u201cproblem and solution\u201d and \u201csituation and choice\u201d.\" width=\"1200\" height=\"256\" \/><\/figure>\r\n<\/div>\r\n\r\n\r\n\r\n<h1 id=\"section-content\" accesskey=\"1\" class=\"has-text-align-center wp-block-heading\" aria-label=\"Begining of the section addressed to the accessibility projects\"><a accesskey=\"1\" class=\"no-link\" href=\"#section-content\">Accessibility projects<\/a><\/h1>\r\n\r\n\r\n\r\n<h2 class=\"has-text-align-center wp-block-heading\">Strategic lines<\/h2>\r\n\r\n\r\n\r\n<div class=\"wp-block-columns is-layout-flex wp-container-core-columns-is-layout-28f84493 wp-block-columns-is-layout-flex\">\r\n\r\n\r\n<div class=\"wp-block-column is-layout-flow wp-block-column-is-layout-flow\">\r\n\r\n\r\n<div class=\"wp-block-image is-style-default\">\r\n<figure class=\"aligncenter size-full is-resized\"><img loading=\"lazy\" decoding=\"async\" class=\"alignnone wp-image-1038\" src=\"\/wp-content\/uploads\/2021\/10\/projectes-1.png\" alt=\"Isotype of the \u201cteaching\u201d concept made with a vertical arrow pointing upwards that starts from the center of a circle.\" width=\"96\" height=\"96\" srcset=\"https:\/\/www.catac.upc.edu\/wp-content\/uploads\/2021\/10\/projectes-1.png 256w, https:\/\/www.catac.upc.edu\/wp-content\/uploads\/2021\/10\/projectes-1-150x150.png 150w\" sizes=\"auto, (max-width: 96px) 100vw, 96px\" \/><\/figure>\r\n<\/div>\r\n\r\n\r\n\r\n<h3 class=\"has-text-align-center wp-block-heading\">Teaching<\/h3>\r\n\r\n\r\n\r\n\r\nTeaching, in the university environment, continuing education, in the business environment, and the transfer of knowledge, in general, constitute a natural line of projects of the Chair of Accessibility. Personalized training in ICT accessibility, inclusive services, or design strategies for all are examples of teaching activities that are usually carried out.\r\n\r\n\r\n\r\n<\/div>\r\n\r\n\r\n\r\n<div class=\"wp-block-column is-layout-flow wp-block-column-is-layout-flow\">\r\n\r\n\r\n<div class=\"wp-block-image is-style-default\">\r\n<figure class=\"aligncenter size-full is-resized\"><img loading=\"lazy\" decoding=\"async\" class=\"alignnone wp-image-1039\" src=\"\/wp-content\/uploads\/2021\/10\/projectes-2.png\" alt=\"Isotype of the concept \u201cresearch\u201d performed with a vertical arrow pointing upwards that starts from the center of a triangle.\" width=\"96\" height=\"96\" srcset=\"https:\/\/www.catac.upc.edu\/wp-content\/uploads\/2021\/10\/projectes-2.png 256w, https:\/\/www.catac.upc.edu\/wp-content\/uploads\/2021\/10\/projectes-2-150x150.png 150w\" sizes=\"auto, (max-width: 96px) 100vw, 96px\" \/><\/figure>\r\n<\/div>\r\n\r\n\r\n\r\n<h3 class=\"has-text-align-center wp-block-heading\">Research<\/h3>\r\n\r\n\r\n\r\n\r\nResearch, both basic and applied, in the field of Universal Accessibility, Design for All, User-Centered Design, User Experience, etc. in the university, associative and business environments it is one of the fundamental axes of the Chair of Accessibility. Multidisciplinary collaboration with research groups, third sector entities, and research centers incorporates the values of accessibility and inclusion in the natural environment of research development.\r\n\r\n\r\n\r\n<\/div>\r\n\r\n\r\n<\/div>\r\n\r\n\r\n\r\n<div class=\"wp-block-columns is-layout-flex wp-container-core-columns-is-layout-28f84493 wp-block-columns-is-layout-flex\">\r\n\r\n\r\n<div class=\"wp-block-column is-layout-flow wp-block-column-is-layout-flow\">\r\n\r\n\r\n<div class=\"wp-block-image is-style-default\">\r\n<figure class=\"aligncenter size-full is-resized\"><img loading=\"lazy\" decoding=\"async\" class=\"alignnone wp-image-1040\" src=\"\/wp-content\/uploads\/2021\/10\/projectes-3.png\" alt=\"Isotype of the concept \u201cadvicing\u201d made with a vertical arrow pointing upwards that it starts from the center of a square.\" width=\"96\" height=\"96\" srcset=\"https:\/\/www.catac.upc.edu\/wp-content\/uploads\/2021\/10\/projectes-3.png 256w, https:\/\/www.catac.upc.edu\/wp-content\/uploads\/2021\/10\/projectes-3-150x150.png 150w\" sizes=\"auto, (max-width: 96px) 100vw, 96px\" \/><\/figure>\r\n<\/div>\r\n\r\n\r\n\r\n<h3 class=\"has-text-align-center wp-block-heading\">Advising<\/h3>\r\n\r\n\r\n\r\n\r\nAdvice and support in the incorporation of accessibility and inclusion in quality assurance and project management processes become an effective formula for collaboration. The Chair of Accessibility becomes a reference figure, with limited participation in projects, in order to provide technical guidelines and analysis of technological feasibility.\r\n\r\n\r\n\r\n<\/div>\r\n\r\n\r\n\r\n<div class=\"wp-block-column is-layout-flow wp-block-column-is-layout-flow\">\r\n\r\n\r\n<div class=\"wp-block-image is-style-default\">\r\n<figure class=\"aligncenter size-full is-resized\"><img loading=\"lazy\" decoding=\"async\" class=\"alignnone wp-image-1044\" src=\"\/wp-content\/uploads\/2021\/10\/projectes-4.png\" alt=\"Isotype of the concept \u201cdesign\u201d made with a vertical arrow pointing upwards that starts from the center of a pentagon.\" width=\"96\" height=\"96\" srcset=\"https:\/\/www.catac.upc.edu\/wp-content\/uploads\/2021\/10\/projectes-4.png 256w, https:\/\/www.catac.upc.edu\/wp-content\/uploads\/2021\/10\/projectes-4-150x150.png 150w\" sizes=\"auto, (max-width: 96px) 100vw, 96px\" \/><\/figure>\r\n<\/div>\r\n\r\n\r\n\r\n<h3 class=\"has-text-align-center wp-block-heading\">Design<\/h3>\r\n\r\n\r\n\r\n\r\nThe design of products, environments and services that incorporate accessibility and facilitate the inclusion of all people is one of the unique activities of technology transfer carried out by the Chair of Accessibility within the university. At the same time, it should be borne in mind that the Accessibility Chair does not aim to manufacture or market products, environments or services, as it does not have a business purpose.\r\n\r\n\r\n\r\n<\/div>\r\n\r\n\r\n<\/div>\r\n\r\n\r\n\r\n\r\n<hr class=\"wp-block-separator alignwide is-style-default\" \/>\r\n\r\n\r\n\r\n\r\n<h2 class=\"has-text-align-center wp-block-heading\">Singular projects<\/h2>\r\n\r\n\r\n\r\n<div class=\"wp-block-columns is-layout-flex wp-container-core-columns-is-layout-28f84493 wp-block-columns-is-layout-flex\">\r\n\r\n\r\n<div onclick=\"window.open(&quot;\/en\/projecte-easy-communicator\/&quot;)\" class=\"wp-block-column column-with-link is-layout-flow wp-block-column-is-layout-flow\" tabindex=\"0\">\r\n\r\n\r\n<div class=\"wp-block-image is-style-default\">\r\n<figure class=\"aligncenter size-full is-resized\"><img loading=\"lazy\" decoding=\"async\" class=\"alignnone wp-image-1023\" src=\"\/wp-content\/uploads\/2021\/10\/p-eco.png\" alt=\"Isotype of the concept \u201cEasy Communicator\u201d made with an image of a child and a smiling one with a text sandwich each.\" width=\"96\" height=\"96\" srcset=\"https:\/\/www.catac.upc.edu\/wp-content\/uploads\/2021\/10\/p-eco.png 512w, https:\/\/www.catac.upc.edu\/wp-content\/uploads\/2021\/10\/p-eco-300x300.png 300w, https:\/\/www.catac.upc.edu\/wp-content\/uploads\/2021\/10\/p-eco-150x150.png 150w\" sizes=\"auto, (max-width: 96px) 100vw, 96px\" \/><\/figure>\r\n<\/div>\r\n\r\n\r\n\r\n<h3 class=\"has-text-align-center wp-block-heading\">Easy Communicator<\/h3>\r\n\r\n\r\n\r\n\r\nThe Accessibility Chair of the Universitat Polit\u00e8cnica de Catalunya is developing the tool for mobile learning and communication devices &#8211; augmentative and alternative &#8211; called Easy Communicator (ECO). The aim of this project is to provide a tool that improves the possibilities of communication and understanding, both in the most personal and academic environment, of people with language difficulties, learning, the relationship with their environment, etc. The target groups are children with autism spectrum disorders, adolescents with cerebral palsy, and grandparents with cognitive impairments.\r\n\r\n\r\n\r\n\r\n\r\n&nbsp;\r\n\r\n\r\n\r\n<\/div>\r\n\r\n\r\n\r\n<div onclick=\"window.open(&quot;\/en\/projecte-avatars\/&quot;)\" class=\"wp-block-column column-with-link is-layout-flow wp-block-column-is-layout-flow\" tabindex=\"0\">\r\n\r\n\r\n<div class=\"wp-block-image is-style-default\">\r\n<figure class=\"aligncenter size-full is-resized\"><img loading=\"lazy\" decoding=\"async\" class=\"alignnone wp-image-1022\" src=\"\/wp-content\/uploads\/2021\/10\/p-avatar.png\" alt=\"Isotype of the concept \u201cAvatares\u201d made with an image of a smiling girl.\" width=\"96\" height=\"96\" srcset=\"https:\/\/www.catac.upc.edu\/wp-content\/uploads\/2021\/10\/p-avatar.png 512w, https:\/\/www.catac.upc.edu\/wp-content\/uploads\/2021\/10\/p-avatar-300x300.png 300w, https:\/\/www.catac.upc.edu\/wp-content\/uploads\/2021\/10\/p-avatar-150x150.png 150w\" sizes=\"auto, (max-width: 96px) 100vw, 96px\" \/><\/figure>\r\n<\/div>\r\n\r\n\r\n\r\n<h3 class=\"has-text-align-center wp-block-heading\">Avatars<\/h3>\r\n\r\n\r\n\r\n\r\nThe Avatars project is conceived within the framework of Augmentative and Alternative Communication Systems (AACS), with the aim of designing sets of pictograms aimed at people with communication difficulties. It is being developed by UPC students and professors with the service-learning methodology. Specifically, students in the EPSEVG degree in Industrial Design and Product Development are participating in the design. The results of this project feed into the content of the Easy Communicator project.\r\n\r\n\r\n\r\n\r\n\r\n&nbsp;\r\n\r\n\r\n\r\n<\/div>\r\n\r\n\r\n<\/div>\r\n\r\n\r\n\r\n<div class=\"wp-block-columns is-layout-flex wp-container-core-columns-is-layout-28f84493 wp-block-columns-is-layout-flex\">\r\n\r\n\r\n<div onclick=\"window.open(&quot;\/en\/accessibility-projects\/dwelling-adequation-project\/&quot;)\" class=\"wp-block-column column-with-link is-layout-flow wp-block-column-is-layout-flow\" tabindex=\"0\">\r\n\r\n\r\n<figure class=\"wp-block-image aligncenter size-full is-resized\"><img loading=\"lazy\" decoding=\"async\" width=\"96\" height=\"96\" class=\"wp-image-1997\" style=\"width: 96px;\" src=\"https:\/\/www.catac.upc.edu\/wp-content\/uploads\/2024\/03\/eina-ahu.png\" alt=\"Logo of the tool for analysing the adequacy of a dwelling for its inhabitants.\" srcset=\"https:\/\/www.catac.upc.edu\/wp-content\/uploads\/2024\/03\/eina-ahu.png 512w, https:\/\/www.catac.upc.edu\/wp-content\/uploads\/2024\/03\/eina-ahu-300x300.png 300w, https:\/\/www.catac.upc.edu\/wp-content\/uploads\/2024\/03\/eina-ahu-150x150.png 150w\" sizes=\"auto, (max-width: 96px) 100vw, 96px\" \/><\/figure>\r\n\r\n\r\n\r\n<h3 class=\"wp-block-heading has-text-align-center\">Tool to assess dwelling adequation<\/h3>\r\n\r\n\r\n\r\n<p class=\"has-text-align-left\">This project is the result of the collaboration between the la Federaci\u00f3 de la Par\u00e0lisi Cerebral i la Pluridiscapacitat de Catalunya (FEPCCAT) and the Universitat Polit\u00e8cnica de Catalunya (UPC). It is born from the need to assess the accessibility of a home and prioritize actions to improve it. The participants who have contributed to the success of the project are FEPCCAT technicians, UPC professors and people diagnosed with cerebral palsy and\/or with multiple disabilities.<\/p>\r\n\r\n\r\n\r\n\r\n\r\n\r\n<\/div>\r\n\r\n\r\n\r\n<div class=\"wp-block-column column-with-link is-layout-flow wp-block-column-is-layout-flow\" onclick=\"window.open(&quot;\/en\/accessibility-projects\/project-humanai\/&quot;)\" tabindex=\"0\">\r\n\r\n\r\n<figure class=\"wp-block-image aligncenter size-full is-resized\"><img loading=\"lazy\" decoding=\"async\" width=\"96\" height=\"96\" class=\"wp-image-2032\" style=\"width: 96px;\" src=\"https:\/\/www.catac.upc.edu\/wp-content\/uploads\/2025\/02\/human-ai.png\" alt=\"Logo of the project HUMANAI\" srcset=\"https:\/\/www.catac.upc.edu\/wp-content\/uploads\/2025\/02\/human-ai.png 512w, https:\/\/www.catac.upc.edu\/wp-content\/uploads\/2025\/02\/human-ai-300x300.png 300w, https:\/\/www.catac.upc.edu\/wp-content\/uploads\/2025\/02\/human-ai-150x150.png 150w\" sizes=\"auto, (max-width: 96px) 100vw, 96px\" \/><\/figure>\r\n\r\n\r\n\r\n<h3 class=\"wp-block-heading has-text-align-center\">HumanAI<\/h3>\r\n\r\n\r\n\r\n\r\n<p>HumanIA (Human-centred Artificial Intelligence: Towards accessible and customisable language models) is a research project aiming to develop generative AI tools in Spanish specifically designed for people with intellectual disabilities. This work seeks to promote inclusion and accessibility, reduce the digital divide and improve the quality of life of these people, with an ethical and environmentally responsible approach. Research groups from Universidad Carlos III de Madrid, Universidad Complutense de Madrid, Universidad Nacional de Educaci\u00f3n a Distancia and Universitat Polit\u00e8cnica de Catalunya collaborate in the development of the project.<\/p>\r\n\r\n\r\n<p><\/p>\r\n\r\n\r\n\r\n\r\n<\/div>\r\n\r\n\r\n<\/div>","protected":false},"excerpt":{"rendered":"<p>Accessibility projects Strategic lines Teaching Teaching, in the university environment, continuing education, in the business environment, and the transfer of knowledge, in general, constitute a natural line of projects of the Chair of Accessibility. Personalized training in ICT accessibility, inclusive services, or design strategies for all are examples of teaching activities that are usually carried &hellip;<\/p>\n<p class=\"read-more\"> <a class=\"\" href=\"https:\/\/www.catac.upc.edu\/accessibility-projects\/\"> <span class=\"screen-reader-text\">Accessibility Projects<\/span> Read More &raquo;<\/a><\/p>\n","protected":false},"author":2,"featured_media":0,"parent":0,"menu_order":0,"comment_status":"closed","ping_status":"closed","template":"","meta":{"_uag_custom_page_level_css":"","site-sidebar-layout":"default","site-content-layout":"default","ast-site-content-layout":"default","site-content-style":"default","site-sidebar-style":"default","ast-global-header-display":"","ast-banner-title-visibility":"","ast-main-header-display":"","ast-hfb-above-header-display":"","ast-hfb-below-header-display":"","ast-hfb-mobile-header-display":"","site-post-title":"disabled","ast-breadcrumbs-content":"","ast-featured-img":"","footer-sml-layout":"","theme-transparent-header-meta":"default","adv-header-id-meta":"","stick-header-meta":"","header-above-stick-meta":"","header-main-stick-meta":"","header-below-stick-meta":"","astra-migrate-meta-layouts":"set","footnotes":""},"class_list":["post-185","page","type-page","status-publish","hentry"],"uagb_featured_image_src":{"full":false,"thumbnail":false,"medium":false,"medium_large":false,"large":false,"1536x1536":false,"2048x2048":false},"uagb_author_info":{"display_name":"Daniel Guasch","author_link":"https:\/\/www.catac.upc.edu\/author\/dani\/"},"uagb_comment_info":0,"uagb_excerpt":"Accessibility projects Strategic lines Teaching Teaching, in the university environment, continuing education, in the business environment, and the transfer of knowledge, in general, constitute a natural line of projects of the Chair of Accessibility. Personalized training in ICT accessibility, inclusive services, or design strategies for all are examples of teaching activities that are usually carried&hellip;","_links":{"self":[{"href":"https:\/\/www.catac.upc.edu\/wp-json\/wp\/v2\/pages\/185","targetHints":{"allow":["GET"]}}],"collection":[{"href":"https:\/\/www.catac.upc.edu\/wp-json\/wp\/v2\/pages"}],"about":[{"href":"https:\/\/www.catac.upc.edu\/wp-json\/wp\/v2\/types\/page"}],"author":[{"embeddable":true,"href":"https:\/\/www.catac.upc.edu\/wp-json\/wp\/v2\/users\/2"}],"replies":[{"embeddable":true,"href":"https:\/\/www.catac.upc.edu\/wp-json\/wp\/v2\/comments?post=185"}],"version-history":[{"count":42,"href":"https:\/\/www.catac.upc.edu\/wp-json\/wp\/v2\/pages\/185\/revisions"}],"predecessor-version":[{"id":2055,"href":"https:\/\/www.catac.upc.edu\/wp-json\/wp\/v2\/pages\/185\/revisions\/2055"}],"wp:attachment":[{"href":"https:\/\/www.catac.upc.edu\/wp-json\/wp\/v2\/media?parent=185"}],"curies":[{"name":"wp","href":"https:\/\/api.w.org\/{rel}","templated":true}]}}