{"id":1053,"date":"2021-10-11T10:11:59","date_gmt":"2021-10-11T10:11:59","guid":{"rendered":"http:\/\/147.83.158.234\/?page_id=1053"},"modified":"2023-04-23T18:32:02","modified_gmt":"2023-04-23T18:32:02","slug":"projecte-easy-communicator","status":"publish","type":"page","link":"https:\/\/www.catac.upc.edu\/accessibility-projects\/projecte-easy-communicator\/","title":{"rendered":"Project Easy Communicator"},"content":{"rendered":"\r\n<figure class=\"wp-block-image aligncenter size-full is-style-default\"><img loading=\"lazy\" decoding=\"async\" width=\"1200\" height=\"256\" src=\"\/wp-content\/uploads\/2021\/10\/cap-07-eco.jpg\" alt=\"Image of some waves on the seashore with the text &quot;Easy Communictor&quot;, the logo of the Chair of Accessibility and the logo of &quot;Easy Communictor&quot;.\" class=\"wp-image-1255\" srcset=\"https:\/\/www.catac.upc.edu\/wp-content\/uploads\/2021\/10\/cap-07-eco.jpg 1200w, https:\/\/www.catac.upc.edu\/wp-content\/uploads\/2021\/10\/cap-07-eco-300x64.jpg 300w, https:\/\/www.catac.upc.edu\/wp-content\/uploads\/2021\/10\/cap-07-eco-1024x218.jpg 1024w, https:\/\/www.catac.upc.edu\/wp-content\/uploads\/2021\/10\/cap-07-eco-768x164.jpg 768w\" sizes=\"auto, (max-width: 1200px) 100vw, 1200px\" \/><\/figure>\r\n\r\n\r\n\r\n<h2 class=\"wp-block-heading has-text-align-center\" id=\"section-content\"><a class=\"no-link\" href=\"#section-contents\" accesskey=\"1\">Easy Communicator Project<\/a><\/h2>\r\n\r\n\r\n\r\n<div class=\"wp-block-columns is-layout-flex wp-container-core-columns-is-layout-28f84493 wp-block-columns-is-layout-flex\">\r\n<div class=\"wp-block-column is-layout-flow wp-block-column-is-layout-flow\">\r\n<figure class=\"wp-block-image aligncenter size-full is-resized is-style-default\"><img loading=\"lazy\" decoding=\"async\" src=\"\/wp-content\/uploads\/2021\/10\/creacio.png\" alt=\"Creaci\u00f3\" class=\"wp-image-911\" width=\"96\" height=\"96\" srcset=\"https:\/\/www.catac.upc.edu\/wp-content\/uploads\/2021\/10\/creacio.png 256w, https:\/\/www.catac.upc.edu\/wp-content\/uploads\/2021\/10\/creacio-150x150.png 150w\" sizes=\"auto, (max-width: 96px) 100vw, 96px\" \/><\/figure>\r\n\r\n\r\n\r\n<p>The Accessibility Chair of the Universitat Polit\u00e8cnica de Catalunya is developing the tool for mobile learning and communication devices -augmentative and alternative- called Easy Communicator (ECO). The aim of this project is to provide a tool that improves the possibilities of communication and understanding, both in the most personal and academic environment, of people with language difficulties, learning, the relationship with their environment, etc. The target groups are children with autism spectrum disorders, adolescents with cerebral palsy, and grandparents with cognitive impairments.<\/p>\r\n<\/div>\r\n\r\n\r\n\r\n<div class=\"wp-block-column is-layout-flow wp-block-column-is-layout-flow\">\r\n<figure class=\"wp-block-image aligncenter size-full is-resized is-style-default\"><img loading=\"lazy\" decoding=\"async\" src=\"\/wp-content\/uploads\/2021\/10\/organitzacio.png\" alt=\"Organization\" class=\"wp-image-917\" width=\"96\" height=\"96\" srcset=\"https:\/\/www.catac.upc.edu\/wp-content\/uploads\/2021\/10\/organitzacio.png 256w, https:\/\/www.catac.upc.edu\/wp-content\/uploads\/2021\/10\/organitzacio-150x150.png 150w\" sizes=\"auto, (max-width: 96px) 100vw, 96px\" \/><\/figure>\r\n\r\n\r\n\r\n<p>The development of the project focuses on two aspects: the programming of the computer application and the definition of the communication elements it uses. The app is being developed for Android tablets. There are numerous similar applications currently on this platform. The main features that distinguish ECO from existing ones are the conception of user interaction as a game, the ability to generate and share specific personalized content in a flexible way, and the fact that it is an open and free platform. Users are both parents, teachers or caregivers as well as children, students or grandparents. The definition, structuring, import or export of the content is carried out with the same application, in a private section for parents or teachers; facilitating its use both at home and in the school or rehabilitation center.<\/p>\r\n<\/div>\r\n<\/div>\r\n\r\n\r\n\r\n<div class=\"wp-block-columns is-layout-flex wp-container-core-columns-is-layout-28f84493 wp-block-columns-is-layout-flex\">\r\n<div class=\"wp-block-column is-layout-flow wp-block-column-is-layout-flow\">\r\n<figure class=\"wp-block-image aligncenter size-full is-resized is-style-default\"><img loading=\"lazy\" decoding=\"async\" src=\"\/wp-content\/uploads\/2021\/10\/ambit.png\" alt=\"\u00c1mbitos\" class=\"wp-image-921\" width=\"96\" height=\"96\" srcset=\"https:\/\/www.catac.upc.edu\/wp-content\/uploads\/2021\/10\/ambit.png 256w, https:\/\/www.catac.upc.edu\/wp-content\/uploads\/2021\/10\/ambit-150x150.png 150w\" sizes=\"auto, (max-width: 96px) 100vw, 96px\" \/><\/figure>\r\n\r\n\r\n\r\n<p>ECO considers the combination of photographs, pictograms, videos, texts and voices as elements of communication. Therefore, the messages are offered in complementary alternative formats. For example, to indicate the concept of school, you can choose a custom combination of the user&#8217;s school photograph, the generic pictogram, the video of the word school in sign language, the word read, and the text. There are collections of pictograms, voices and videos, some for free use, such as those of ARASAAC, and others owned. The application allows both to incorporate these sources and structure them internally, as well as to use a small set of their own development. The design of the communication elements themselves has a double objective: the formulation of a proposal of guidelines that allows to systematize the design and choice of pictograms, voices or texts; and the creation of a resource nursery that other users can use and expand freely. L&#8217;aplicaci\u00f3 est\u00e0 disponible en 3 idiomes, seleccionables des de la interf\u00edcie d&#8217;usuari: catal\u00e0, castell\u00e0 i angl\u00e8s.<\/p>\r\n<\/div>\r\n\r\n\r\n\r\n<div class=\"wp-block-column is-layout-flow wp-block-column-is-layout-flow\">\r\n<figure class=\"wp-block-image aligncenter size-full is-resized is-style-default\"><img loading=\"lazy\" decoding=\"async\" src=\"\/wp-content\/uploads\/2021\/10\/equip.png\" alt=\"Equip de trenall\" class=\"wp-image-914\" width=\"96\" height=\"96\" srcset=\"https:\/\/www.catac.upc.edu\/wp-content\/uploads\/2021\/10\/equip.png 256w, https:\/\/www.catac.upc.edu\/wp-content\/uploads\/2021\/10\/equip-150x150.png 150w\" sizes=\"auto, (max-width: 96px) 100vw, 96px\" \/><\/figure>\r\n\r\n\r\n\r\n<p>The Easy Communicator project is being carried out by UPC students and professors with the service-learning methodology. Students of the degree in Computer Engineering from the Polytechnic School of Engineering of Vilanova i la Geltr\u00fa (EPSEVG) take part in the programming of the applications. While students of the degree of Industrial Design and Product Development of the EPSEVG are working on the definition and creation of the communication elements. Professors from the departments of Telematics Engineering (ENTEL) and Languages \u200b\u200band Computer Systems (LSI) carry out tutoring and development tasks. Finally, entities such as the Garraf Psychopedagogical Advice and Guidance Team, the Marta Mata School in El Vendrell, the TEGAR Special Work Center in Vilanova i la Geltr\u00fa and the Sant Antoni Abat de Vil\u00f1anova Private Foundation and Geltr\u00fa have contributed user experience and validation of results throughout project development.<\/p>\r\n<\/div>\r\n<\/div>\r\n\r\n\r\n\r\n<h2 class=\"wp-block-heading has-text-align-center\">Image Gallery<\/h2>\r\n\r\n\r\n\r\n<div class=\"wp-block-columns is-layout-flex wp-container-core-columns-is-layout-28f84493 wp-block-columns-is-layout-flex\">\r\n<div class=\"wp-block-column is-layout-flow wp-block-column-is-layout-flow\">\r\n<figure class=\"wp-block-image size-full is-style-default\"><img loading=\"lazy\" decoding=\"async\" width=\"960\" height=\"630\" src=\"\/wp-content\/uploads\/2021\/10\/ECO-1.png\" alt=\"\" class=\"wp-image-1074\" srcset=\"https:\/\/www.catac.upc.edu\/wp-content\/uploads\/2021\/10\/ECO-1.png 960w, https:\/\/www.catac.upc.edu\/wp-content\/uploads\/2021\/10\/ECO-1-300x197.png 300w, https:\/\/www.catac.upc.edu\/wp-content\/uploads\/2021\/10\/ECO-1-768x504.png 768w\" sizes=\"auto, (max-width: 960px) 100vw, 960px\" \/><\/figure>\r\n<\/div>\r\n\r\n\r\n\r\n<div class=\"wp-block-column is-layout-flow wp-block-column-is-layout-flow\">\r\n<figure class=\"wp-block-image size-full is-style-default\"><img loading=\"lazy\" decoding=\"async\" width=\"960\" height=\"631\" src=\"\/wp-content\/uploads\/2021\/10\/ECO-2.png\" alt=\"\" class=\"wp-image-1075\" srcset=\"https:\/\/www.catac.upc.edu\/wp-content\/uploads\/2021\/10\/ECO-2.png 960w, https:\/\/www.catac.upc.edu\/wp-content\/uploads\/2021\/10\/ECO-2-300x197.png 300w, https:\/\/www.catac.upc.edu\/wp-content\/uploads\/2021\/10\/ECO-2-768x505.png 768w\" sizes=\"auto, (max-width: 960px) 100vw, 960px\" \/><\/figure>\r\n<\/div>\r\n\r\n\r\n\r\n<div class=\"wp-block-column is-layout-flow wp-block-column-is-layout-flow\">\r\n<figure class=\"wp-block-image size-full is-style-default\"><img loading=\"lazy\" decoding=\"async\" width=\"960\" height=\"630\" src=\"\/wp-content\/uploads\/2021\/10\/ECO-3.png\" alt=\"\" class=\"wp-image-1076\" srcset=\"https:\/\/www.catac.upc.edu\/wp-content\/uploads\/2021\/10\/ECO-3.png 960w, https:\/\/www.catac.upc.edu\/wp-content\/uploads\/2021\/10\/ECO-3-300x197.png 300w, https:\/\/www.catac.upc.edu\/wp-content\/uploads\/2021\/10\/ECO-3-768x504.png 768w\" sizes=\"auto, (max-width: 960px) 100vw, 960px\" \/><\/figure>\r\n<\/div>\r\n\r\n\r\n\r\n<div class=\"wp-block-column is-layout-flow wp-block-column-is-layout-flow\">\r\n<figure class=\"wp-block-image size-full is-style-default\"><img loading=\"lazy\" decoding=\"async\" width=\"960\" height=\"630\" src=\"\/wp-content\/uploads\/2021\/10\/ECO-4.png\" alt=\"\" class=\"wp-image-1077\" srcset=\"https:\/\/www.catac.upc.edu\/wp-content\/uploads\/2021\/10\/ECO-4.png 960w, https:\/\/www.catac.upc.edu\/wp-content\/uploads\/2021\/10\/ECO-4-300x197.png 300w, https:\/\/www.catac.upc.edu\/wp-content\/uploads\/2021\/10\/ECO-4-768x504.png 768w\" sizes=\"auto, (max-width: 960px) 100vw, 960px\" \/><\/figure>\r\n<\/div>\r\n<\/div>\r\n\r\n\r\n\r\n<div class=\"wp-block-columns is-layout-flex wp-container-core-columns-is-layout-28f84493 wp-block-columns-is-layout-flex\">\r\n<div class=\"wp-block-column is-layout-flow wp-block-column-is-layout-flow\">\r\n<figure class=\"wp-block-image size-full is-style-default\"><img loading=\"lazy\" decoding=\"async\" width=\"960\" height=\"630\" src=\"\/wp-content\/uploads\/2021\/10\/ECO-5.png\" alt=\"\" class=\"wp-image-1078\" srcset=\"https:\/\/www.catac.upc.edu\/wp-content\/uploads\/2021\/10\/ECO-5.png 960w, https:\/\/www.catac.upc.edu\/wp-content\/uploads\/2021\/10\/ECO-5-300x197.png 300w, https:\/\/www.catac.upc.edu\/wp-content\/uploads\/2021\/10\/ECO-5-768x504.png 768w\" sizes=\"auto, (max-width: 960px) 100vw, 960px\" \/><\/figure>\r\n<\/div>\r\n\r\n\r\n\r\n<div class=\"wp-block-column is-layout-flow wp-block-column-is-layout-flow\">\r\n<figure class=\"wp-block-image size-full is-style-default\"><img loading=\"lazy\" decoding=\"async\" width=\"960\" height=\"630\" src=\"\/wp-content\/uploads\/2021\/10\/ECO-6.png\" alt=\"\" class=\"wp-image-1071\" srcset=\"https:\/\/www.catac.upc.edu\/wp-content\/uploads\/2021\/10\/ECO-6.png 960w, https:\/\/www.catac.upc.edu\/wp-content\/uploads\/2021\/10\/ECO-6-300x197.png 300w, https:\/\/www.catac.upc.edu\/wp-content\/uploads\/2021\/10\/ECO-6-768x504.png 768w\" sizes=\"auto, (max-width: 960px) 100vw, 960px\" \/><\/figure>\r\n<\/div>\r\n\r\n\r\n\r\n<div class=\"wp-block-column is-layout-flow wp-block-column-is-layout-flow\">\r\n<figure class=\"wp-block-image size-full is-style-default\"><img loading=\"lazy\" decoding=\"async\" width=\"960\" height=\"630\" src=\"\/wp-content\/uploads\/2021\/10\/ECO-7.png\" alt=\"\" class=\"wp-image-1072\" srcset=\"https:\/\/www.catac.upc.edu\/wp-content\/uploads\/2021\/10\/ECO-7.png 960w, https:\/\/www.catac.upc.edu\/wp-content\/uploads\/2021\/10\/ECO-7-300x197.png 300w, https:\/\/www.catac.upc.edu\/wp-content\/uploads\/2021\/10\/ECO-7-768x504.png 768w\" sizes=\"auto, (max-width: 960px) 100vw, 960px\" \/><\/figure>\r\n<\/div>\r\n\r\n\r\n\r\n<div class=\"wp-block-column is-layout-flow wp-block-column-is-layout-flow\">\r\n<figure class=\"wp-block-image size-full is-style-default\"><img loading=\"lazy\" decoding=\"async\" width=\"960\" height=\"630\" src=\"\/wp-content\/uploads\/2021\/10\/ECO-8.png\" alt=\"\" class=\"wp-image-1073\" srcset=\"https:\/\/www.catac.upc.edu\/wp-content\/uploads\/2021\/10\/ECO-8.png 960w, https:\/\/www.catac.upc.edu\/wp-content\/uploads\/2021\/10\/ECO-8-300x197.png 300w, https:\/\/www.catac.upc.edu\/wp-content\/uploads\/2021\/10\/ECO-8-768x504.png 768w\" sizes=\"auto, (max-width: 960px) 100vw, 960px\" \/><\/figure>\r\n<\/div>\r\n<\/div>\r\n\r\n\r\n\r\n<h2 class=\"wp-block-heading has-text-align-center\">Download<\/h2>\r\n\r\n\r\n\r\n<div class=\"wp-block-columns is-layout-flex wp-container-core-columns-is-layout-28f84493 wp-block-columns-is-layout-flex\">\r\n<div class=\"wp-block-column column-with-link is-layout-flow wp-block-column-is-layout-flow\" onclick=\"window.open(&quot;https:\/\/play.google.com\/store\/apps\/details?id=com.catac.easy_communicator&amp;hl=en_US&amp;gl=US&quot;)\">\r\n<figure class=\"wp-block-image aligncenter size-large is-resized is-style-default\"><a href=\"https:\/\/play.google.com\/store\/apps\/details?id=com.catac.easy_communicator&amp;hl=en_US&amp;gl=US\"><img decoding=\"async\" src=\"\/wp-content\/uploads\/2021\/10\/Google-Play-Logo--1024x240.png\" alt=\"\" class=\"wp-image-1062\" width=\"128\" srcset=\"https:\/\/www.catac.upc.edu\/wp-content\/uploads\/2021\/10\/Google-Play-Logo--1024x240.png 1024w, https:\/\/www.catac.upc.edu\/wp-content\/uploads\/2021\/10\/Google-Play-Logo--300x70.png 300w, https:\/\/www.catac.upc.edu\/wp-content\/uploads\/2021\/10\/Google-Play-Logo--768x180.png 768w, https:\/\/www.catac.upc.edu\/wp-content\/uploads\/2021\/10\/Google-Play-Logo--1536x360.png 1536w, https:\/\/www.catac.upc.edu\/wp-content\/uploads\/2021\/10\/Google-Play-Logo--2048x480.png 2048w\" sizes=\"(max-width: 1024px) 100vw, 1024px\" \/><\/a><\/figure>\r\n\r\n\r\n\r\n<p class=\"has-text-align-center\"><a href=\"https:\/\/play.google.com\/store\/apps\/details?id=com.catac.easy_communicator&amp;hl=en_US&amp;gl=US\" target=\"_blank\" rel=\"noreferrer noopener\">Download app from Google Play<\/a><\/p>\r\n<\/div>\r\n<\/div>\r\n\r\n\r\n\r\n<p>&nbsp;<\/p>\r\n","protected":false},"excerpt":{"rendered":"<p>Easy Communicator Project The Accessibility Chair of the Universitat Polit\u00e8cnica de Catalunya is developing the tool for mobile learning and communication devices -augmentative and alternative- called Easy Communicator (ECO). The aim of this project is to provide a tool that improves the possibilities of communication and understanding, both in the most personal and academic environment, &hellip;<\/p>\n<p class=\"read-more\"> <a class=\"\" href=\"https:\/\/www.catac.upc.edu\/accessibility-projects\/projecte-easy-communicator\/\"> <span class=\"screen-reader-text\">Project Easy Communicator<\/span> Read More &raquo;<\/a><\/p>\n","protected":false},"author":2,"featured_media":0,"parent":185,"menu_order":0,"comment_status":"closed","ping_status":"closed","template":"","meta":{"_uag_custom_page_level_css":"","site-sidebar-layout":"default","site-content-layout":"default","ast-site-content-layout":"","site-content-style":"default","site-sidebar-style":"default","ast-global-header-display":"","ast-banner-title-visibility":"","ast-main-header-display":"","ast-hfb-above-header-display":"","ast-hfb-below-header-display":"","ast-hfb-mobile-header-display":"","site-post-title":"disabled","ast-breadcrumbs-content":"","ast-featured-img":"","footer-sml-layout":"","theme-transparent-header-meta":"default","adv-header-id-meta":"","stick-header-meta":"","header-above-stick-meta":"","header-main-stick-meta":"","header-below-stick-meta":"","astra-migrate-meta-layouts":"","footnotes":""},"class_list":["post-1053","page","type-page","status-publish","hentry"],"uagb_featured_image_src":{"full":false,"thumbnail":false,"medium":false,"medium_large":false,"large":false,"1536x1536":false,"2048x2048":false},"uagb_author_info":{"display_name":"Daniel Guasch","author_link":"https:\/\/www.catac.upc.edu\/author\/dani\/"},"uagb_comment_info":0,"uagb_excerpt":"Easy Communicator Project The Accessibility Chair of the Universitat Polit\u00e8cnica de Catalunya is developing the tool for mobile learning and communication devices -augmentative and alternative- called Easy Communicator (ECO). The aim of this project is to provide a tool that improves the possibilities of communication and understanding, both in the most personal and academic environment,&hellip;","_links":{"self":[{"href":"https:\/\/www.catac.upc.edu\/wp-json\/wp\/v2\/pages\/1053","targetHints":{"allow":["GET"]}}],"collection":[{"href":"https:\/\/www.catac.upc.edu\/wp-json\/wp\/v2\/pages"}],"about":[{"href":"https:\/\/www.catac.upc.edu\/wp-json\/wp\/v2\/types\/page"}],"author":[{"embeddable":true,"href":"https:\/\/www.catac.upc.edu\/wp-json\/wp\/v2\/users\/2"}],"replies":[{"embeddable":true,"href":"https:\/\/www.catac.upc.edu\/wp-json\/wp\/v2\/comments?post=1053"}],"version-history":[{"count":21,"href":"https:\/\/www.catac.upc.edu\/wp-json\/wp\/v2\/pages\/1053\/revisions"}],"predecessor-version":[{"id":1986,"href":"https:\/\/www.catac.upc.edu\/wp-json\/wp\/v2\/pages\/1053\/revisions\/1986"}],"up":[{"embeddable":true,"href":"https:\/\/www.catac.upc.edu\/wp-json\/wp\/v2\/pages\/185"}],"wp:attachment":[{"href":"https:\/\/www.catac.upc.edu\/wp-json\/wp\/v2\/media?parent=1053"}],"curies":[{"name":"wp","href":"https:\/\/api.w.org\/{rel}","templated":true}]}}